{"id":1400,"date":"2023-08-01T21:33:01","date_gmt":"2023-08-02T00:33:01","guid":{"rendered":"https:\/\/www.lucasvalerio7.com.br\/lv7\/?page_id=1400"},"modified":"2024-10-28T22:52:22","modified_gmt":"2024-10-29T01:52:22","slug":"clubes","status":"publish","type":"page","link":"https:\/\/www.lucasvalerio7.com.br\/lv7\/clubes\/","title":{"rendered":"Clubes"},"content":{"rendered":"\n\n\t<h1>\n\t\t\t\tClubes\n\t\t\t<\/h1>\n\t<h4><!--\n\t-->de<!--\t-->FutsalSociety\/Fut7Futebol de Campo<!--\n\t-->\n\t<\/h4>\n<h2>\n\t\t<a href=\"#\" title=\"Times Onde Joguei\" target=\"_self\" rel=\"noopener\">\n\t\tTimes Onde Joguei\n\t\t<\/a>\n\t<\/h2>\n\t<h6>\n\t\t\t\tDESDE 2012\n\t\t\t<\/h6>\n\t\t\t\t<img loading=\"lazy\" decoding=\"async\" src=\"https:\/\/www.lucasvalerio7.com.br\/lv7\/wp-content\/uploads\/2023\/07\/Talentos-da-Lusa-Portuguesa-100x100.png\" alt=\"Talentos da Lusa - Portuguesa\" itemprop=\"image\" height=\"100\" width=\"100\" title=\"Talentos da Lusa - Portuguesa\" onerror=\"this.style.display='none'\"  \/>\n<h6>Talentos da Lusa<\/h6><p>Faecis horrifer caelo aere nisi. Piscibus coegit super lucis fuerat haec. Metusque locavit<\/p>\n\t<h6>Barcinha (Grs)<\/h6><p>Congeriem posset: glomeravit sorbentur cetera nulli. Nullo nullo ripis caecoque cinxit<\/p>\n<p><a href=\"#\">Read More<\/a><\/p>\n\t\t\t\t<a href=\"https:\/\/www.lucasvalerio7.com.br\/lv7\/clubes\/aopm\/\" target=\"_self\" itemprop=\"url\" rel=\"noopener\">\n\t\t\t\t<img loading=\"lazy\" decoding=\"async\" src=\"https:\/\/www.lucasvalerio7.com.br\/lv7\/wp-content\/uploads\/2023\/08\/LOGO-AOPM-100x100.png\" alt=\"AOPM\" itemprop=\"image\" height=\"100\" width=\"100\" title=\"AOPM\" onerror=\"this.style.display='none'\"  \/>\n\t\t\t\t<\/a>\n<h6><a href=\"https:\/\/www.lucasvalerio7.com.br\/lv7\/clubes\/aopm\/\" target=\"_self\" rel=\"noopener\">AOPM<\/a><\/h6><p>Orbis mundo terram quam! Passim flamina vis silvas persidaque sublime diversa nitidis<\/p>\n\t<h6>Viracopo (Grs)<\/h6><p>Effigiem iapeto habentem videre vindice? Iudicis principio semine levius nebulas<\/p>\n<p><a href=\"#\">Read More<\/a><\/p>\n\t\t\t\t<img loading=\"lazy\" decoding=\"async\" src=\"https:\/\/www.lucasvalerio7.com.br\/lv7\/wp-content\/uploads\/2023\/09\/CLUBE-ATLETICO-GUARULHENSE-100x100.png\" alt=\"CLUBE ATL\u00c9TICO GUARULHENSE\" itemprop=\"image\" height=\"100\" width=\"100\" title=\"CLUBE ATL\u00c9TICO GUARULHENSE\" onerror=\"this.style.display='none'\"  \/>\n<h6>C. A. Guarulhense<\/h6><p>Regna astra quin regio ipsa perpetuum aequalis. Fixo umentia supplex duas vis nondum chaos<\/p>\n\t<h6>Benfica (Vila Maria)<\/h6><p>\u00a0Agitabilis abscidit parte aliud agitabilis persidaque freta sanctius formaeque.<\/p>\n<p><a href=\"#\">Read More<\/a><\/p>\n\t<h6>Aces Academy<\/h6><p>Faecis horrifer caelo aere nisi. Piscibus coegit super lucis fuerat haec. Metusque locavit<\/p>\n<p><a href=\"#\">Read More<\/a><\/p>\n\t<h6>E.C. Mairipor\u00e3<\/h6><p>Congeriem posset: glomeravit sorbentur cetera nulli. Nullo nullo ripis caecoque cinxit<\/p>\n<p><a href=\"#\">Read More<\/a><\/p>\n\t<h6>E.C. Guarulhos<\/h6><p>Orbis mundo terram quam! Passim flamina vis silvas persidaque sublime diversa nitidis<\/p>\n<p><a href=\"#\">Read More<\/a><\/p>\n\t<h6>EMESI<\/h6><p>Effigiem iapeto habentem videre vindice? Iudicis principio semine levius nebulas<\/p>\n<p><a href=\"#\">Read More<\/a><\/p>\n\t\t\t\t<a href=\"https:\/\/www.lucasvalerio7.com.br\/lv7\/clubes\/franco-da-rocha\/\" target=\"_self\" itemprop=\"url\" rel=\"noopener\">\n\t\t\t\t<img loading=\"lazy\" decoding=\"async\" src=\"https:\/\/www.lucasvalerio7.com.br\/lv7\/wp-content\/uploads\/2023\/07\/LOGO-FRANCO-DA-ROCHA-100x100.png\" alt=\"BRAS\u00c3O FRANCO DA ROCHA\" itemprop=\"image\" height=\"100\" width=\"100\" title=\"BRAS\u00c3O FRANCO DA ROCHA\" onerror=\"this.style.display='none'\"  \/>\n\t\t\t\t<\/a>\n<h6><a href=\"https:\/\/www.lucasvalerio7.com.br\/lv7\/clubes\/franco-da-rocha\/\" target=\"_self\" rel=\"noopener\">Franco da Rocha (1)<\/a><\/h6><p>Regna astra quin regio ipsa perpetuum aequalis. Fixo umentia supplex duas vis nondum chaos<\/p>\n<p><a href=\"#\">Read More<\/a><\/p>\n\t<h6>Meninos da Escola (Grs)<\/h6><p>\u00a0Agitabilis abscidit parte aliud agitabilis persidaque freta sanctius formaeque.<\/p>\n<p><a href=\"#\">Read More<\/a><\/p>\n\t\t\t\t<img loading=\"lazy\" decoding=\"async\" src=\"https:\/\/www.lucasvalerio7.com.br\/lv7\/wp-content\/uploads\/2023\/09\/CLUBE-ATLETICO-GUARULHENSE-100x100.png\" alt=\"CLUBE ATL\u00c9TICO GUARULHENSE\" itemprop=\"image\" height=\"100\" width=\"100\" title=\"CLUBE ATL\u00c9TICO GUARULHENSE\" onerror=\"this.style.display='none'\"  \/>\n<h6>C. A. Guarulhense (2)<\/h6><p>Regna astra quin regio ipsa perpetuum aequalis. Fixo umentia supplex duas vis nondum chaos<\/p>\n<p>&nbsp;<\/p>\n\t\t\t\t<a href=\"https:\/\/www.lucasvalerio7.com.br\/lv7\/clubes\/franco-da-rocha\/\" target=\"_self\" itemprop=\"url\" rel=\"noopener\">\n\t\t\t\t<img loading=\"lazy\" decoding=\"async\" src=\"https:\/\/www.lucasvalerio7.com.br\/lv7\/wp-content\/uploads\/2023\/07\/LOGO-FRANCO-DA-ROCHA-100x100.png\" alt=\"BRAS\u00c3O FRANCO DA ROCHA\" itemprop=\"image\" height=\"100\" width=\"100\" title=\"BRAS\u00c3O FRANCO DA ROCHA\" onerror=\"this.style.display='none'\"  \/>\n\t\t\t\t<\/a>\n<h6><a href=\"https:\/\/www.lucasvalerio7.com.br\/lv7\/clubes\/franco-da-rocha\/\" target=\"_self\" rel=\"noopener\">Franco da Rocha (2)<\/a><\/h6><p>Congeriem posset: glomeravit sorbentur cetera nulli. Nullo nullo ripis caecoque cinxit<\/p>\n\t\t\t\t<a href=\"https:\/\/www.lucasvalerio7.com.br\/lv7\/clubes\/wimpro\/\" target=\"_self\" itemprop=\"url\" rel=\"noopener\">\n\t\t\t\t<img loading=\"lazy\" decoding=\"async\" src=\"https:\/\/www.lucasvalerio7.com.br\/lv7\/wp-content\/uploads\/2023\/09\/WIMPRO-GUARULHOS-100x100.png\" alt=\"WIMPRO GUARULHOS\" itemprop=\"image\" height=\"100\" width=\"100\" title=\"WIMPRO GUARULHOS\" onerror=\"this.style.display='none'\"  \/>\n\t\t\t\t<\/a>\n<h6><a href=\"https:\/\/www.lucasvalerio7.com.br\/lv7\/clubes\/wimpro\/\" target=\"_self\" rel=\"noopener\">WIMPRO Guarulhos<\/a><\/h6><p>Orbis mundo terram quam! Passim flamina vis silvas persidaque sublime diversa nitidis<\/p>\n<p>&nbsp;<\/p>\n\t\t\t\t<img loading=\"lazy\" decoding=\"async\" src=\"https:\/\/www.lucasvalerio7.com.br\/lv7\/wp-content\/uploads\/2023\/09\/Guarulhos-Alfa-Futsal-100x100.jpg\" alt=\"Guarulhos Alfa Futsal\" itemprop=\"image\" height=\"100\" width=\"100\" title=\"Guarulhos Alfa Futsal\" onerror=\"this.style.display='none'\"  \/>\n<h6>Guarulhos Futsal<\/h6><p>Effigiem iapeto habentem videre vindice? Iudicis principio semine levius nebulas<\/p>\n\t\t\t\t<img loading=\"lazy\" decoding=\"async\" src=\"https:\/\/www.lucasvalerio7.com.br\/lv7\/wp-content\/uploads\/2023\/09\/CLUBE-ATLETICO-GUARULHENSE-100x100.png\" alt=\"CLUBE ATL\u00c9TICO GUARULHENSE\" itemprop=\"image\" height=\"100\" width=\"100\" title=\"CLUBE ATL\u00c9TICO GUARULHENSE\" onerror=\"this.style.display='none'\"  \/>\n<h6>C. A. Guarulhense (3)<\/h6><p>Regna astra quin regio ipsa perpetuum aequalis. Fixo umentia supplex duas vis nondum chaos<\/p>\n<p>&nbsp;<\/p>\n\t\t\t\t<a href=\"https:\/\/www.lucasvalerio7.com.br\/lv7\/clubes\/franco-da-rocha\/\" target=\"_self\" itemprop=\"url\" rel=\"noopener\">\n\t\t\t\t<img loading=\"lazy\" decoding=\"async\" src=\"https:\/\/www.lucasvalerio7.com.br\/lv7\/wp-content\/uploads\/2023\/07\/LOGO-FRANCO-DA-ROCHA-100x100.png\" alt=\"BRAS\u00c3O FRANCO DA ROCHA\" itemprop=\"image\" height=\"100\" width=\"100\" title=\"BRAS\u00c3O FRANCO DA ROCHA\" onerror=\"this.style.display='none'\"  \/>\n\t\t\t\t<\/a>\n<h6><a href=\"https:\/\/www.lucasvalerio7.com.br\/lv7\/clubes\/franco-da-rocha\/\" target=\"_self\" rel=\"noopener\">Franco da Rocha (3)<\/a><\/h6><p>Congeriem posset: glomeravit sorbentur cetera nulli. Nullo nullo ripis caecoque cinxit<\/p>\n\t<h6>Pregui\u00e7osos (Morato)<\/h6><p>Faecis horrifer caelo aere nisi. Piscibus coegit super lucis fuerat haec. Metusque locavit<\/p>\n<p><a href=\"#\">Read More<\/a><\/p>\n\t<h6>Pinda Futsal<\/h6><p>Orbis mundo terram quam! Passim flamina vis silvas persidaque sublime diversa nitidis<\/p>\n<p><a href=\"#\">Read More<\/a><\/p>\n\t\t\t\t<a href=\"https:\/\/www.lucasvalerio7.com.br\/lv7\/clubes\/colorado-caieiras\/\" target=\"_self\" itemprop=\"url\" rel=\"noopener\">\n\t\t\t\t<img loading=\"lazy\" decoding=\"async\" src=\"https:\/\/www.lucasvalerio7.com.br\/lv7\/wp-content\/uploads\/2023\/07\/LOGO-CAIEIRAS-100x100.png\" alt=\"LOGO CAIEIRAS\" itemprop=\"image\" height=\"100\" width=\"100\" title=\"LOGO CAIEIRAS\" onerror=\"this.style.display='none'\"  \/>\n\t\t\t\t<\/a>\n<h6><a href=\"https:\/\/www.lucasvalerio7.com.br\/lv7\/clubes\/colorado-caieiras\/\" target=\"_self\" rel=\"noopener\">Colorado Caieiras<\/a><\/h6><p>Regna astra quin regio ipsa perpetuum aequalis. Fixo umentia supplex duas vis nondum chaos<\/p>\n<p><a href=\"#\">Read More<\/a><\/p>\n\t<h6>Sonics Futsal<\/h6><p>Orbis mundo terram quam! Passim flamina vis silvas persidaque sublime diversa nitidis<\/p>\n<p><a href=\"#\">Read More<\/a><\/p>\n\t\t\t\t<a href=\"https:\/\/www.lucasvalerio7.com.br\/lv7\/clubes\/each-usp\/\" target=\"_self\" itemprop=\"url\" rel=\"noopener\">\n\t\t\t\t<img loading=\"lazy\" decoding=\"async\" src=\"https:\/\/www.lucasvalerio7.com.br\/lv7\/wp-content\/uploads\/2024\/04\/AAAEACH-USP-100x100.webp\" alt=\"ATL\u00c9TICA EACH USP\" itemprop=\"image\" height=\"100\" width=\"100\" title=\"ATL\u00c9TICA EACH USP\" onerror=\"this.style.display='none'\"  \/>\n\t\t\t\t<\/a>\n<h6><a href=\"https:\/\/www.lucasvalerio7.com.br\/lv7\/clubes\/each-usp\/\" target=\"_self\" rel=\"noopener\">Atl\u00e9tica <br \/> EACH USP<\/a><\/h6><p>Orbis mundo terram quam! Passim flamina vis silvas persidaque sublime diversa nitidis<\/p>\n<p><a href=\"#\">Read More<\/a><\/p>\n\t\t\t\t<a href=\"https:\/\/www.lucasvalerio7.com.br\/lv7\/clubes\/selecao-da-usp\/\" target=\"_self\" itemprop=\"url\" rel=\"noopener\">\n\t\t\t\t<img loading=\"lazy\" decoding=\"async\" src=\"https:\/\/www.lucasvalerio7.com.br\/lv7\/wp-content\/uploads\/2024\/10\/SELECAO-USP-LAAUSP-FUPE-CBDU-100x100.png\" alt=\"SELE\u00c7\u00c3O USP - LAAUSP FUPE CBDU\" itemprop=\"image\" height=\"100\" width=\"100\" title=\"SELE\u00c7\u00c3O USP - LAAUSP FUPE CBDU\" onerror=\"this.style.display='none'\"  \/>\n\t\t\t\t<\/a>\n<h6><a href=\"https:\/\/www.lucasvalerio7.com.br\/lv7\/clubes\/selecao-da-usp\/\" target=\"_self\" rel=\"noopener\">Sele\u00e7\u00e3o<br \/>da USP<\/a><\/h6><p>Orbis mundo terram quam! Passim flamina vis silvas persidaque sublime diversa nitidis<\/p>\n<p><a href=\"#\">Read More<\/a><\/p>\n<h3>\n\t\tFotos e V\u00eddeos\n\t<\/h3>\n\t<p>Criamos uma p\u00e1gina especial com fotos e v\u00eddeos, de v\u00e1rios clubes, <br \/>com v\u00e1rios momentos importantes desta jornada.<\/p>\n\t\t\t<a href=\"https:\/\/www.lucasvalerio7.com.br\/lv7\/gallery\/\" title=\"Click Here\" target=\"_self\" role=\"button\" aria-label=\"Ver Galeria\" rel=\"noopener\">\n\t\t\t\t\t\t\tVer Galeria\n\t\t<\/a>\n\n","protected":false},"excerpt":{"rendered":"<p>Clubes deFutsalSociety\/Fut7Futebol de Campo Times Onde Joguei DESDE 2012 Talentos da Lusa Faecis horrifer caelo aere nisi. Piscibus coegit super lucis fuerat haec. Metusque locavit Barcinha (Grs) Congeriem posset: glomeravit sorbentur cetera nulli. Nullo nullo ripis caecoque cinxit Read More AOPM Orbis mundo terram quam! Passim flamina vis silvas persidaque sublime diversa nitidis Viracopo (Grs) [&hellip;]<\/p>\n","protected":false},"author":7,"featured_media":1155,"parent":0,"menu_order":0,"comment_status":"closed","ping_status":"closed","template":"","meta":{"site-sidebar-layout":"no-sidebar","site-content-layout":"page-builder","ast-site-content-layout":"full-width-container","site-content-style":"unboxed","site-sidebar-style":"unboxed","ast-global-header-display":"","ast-banner-title-visibility":"","ast-main-header-display":"","ast-hfb-above-header-display":"","ast-hfb-below-header-display":"","ast-hfb-mobile-header-display":"","site-post-title":"disabled","ast-breadcrumbs-content":"disabled","ast-featured-img":"disabled","footer-sml-layout":"","ast-disable-related-posts":"","theme-transparent-header-meta":"enabled","adv-header-id-meta":"","stick-header-meta":"","header-above-stick-meta":"","header-main-stick-meta":"","header-below-stick-meta":"","astra-migrate-meta-layouts":"set","ast-page-background-enabled":"default","ast-page-background-meta":{"desktop":{"background-color":"","background-image":"","background-repeat":"repeat","background-position":"center center","background-size":"auto","background-attachment":"scroll","background-type":"","background-media":"","overlay-type":"","overlay-color":"","overlay-opacity":"","overlay-gradient":""},"tablet":{"background-color":"","background-image":"","background-repeat":"repeat","background-position":"center center","background-size":"auto","background-attachment":"scroll","background-type":"","background-media":"","overlay-type":"","overlay-color":"","overlay-opacity":"","overlay-gradient":""},"mobile":{"background-color":"","background-image":"","background-repeat":"repeat","background-position":"center center","background-size":"auto","background-attachment":"scroll","background-type":"","background-media":"","overlay-type":"","overlay-color":"","overlay-opacity":"","overlay-gradient":""}},"ast-content-background-meta":{"desktop":{"background-color":"var(--ast-global-color-5)","background-image":"","background-repeat":"repeat","background-position":"center center","background-size":"auto","background-attachment":"scroll","background-type":"","background-media":"","overlay-type":"","overlay-color":"","overlay-opacity":"","overlay-gradient":""},"tablet":{"background-color":"var(--ast-global-color-5)","background-image":"","background-repeat":"repeat","background-position":"center center","background-size":"auto","background-attachment":"scroll","background-type":"","background-media":"","overlay-type":"","overlay-color":"","overlay-opacity":"","overlay-gradient":""},"mobile":{"background-color":"var(--ast-global-color-5)","background-image":"","background-repeat":"repeat","background-position":"center center","background-size":"auto","background-attachment":"scroll","background-type":"","background-media":"","overlay-type":"","overlay-color":"","overlay-opacity":"","overlay-gradient":""}},"footnotes":""},"class_list":["post-1400","page","type-page","status-publish","has-post-thumbnail","hentry"],"_links":{"self":[{"href":"https:\/\/www.lucasvalerio7.com.br\/lv7\/wp-json\/wp\/v2\/pages\/1400","targetHints":{"allow":["GET"]}}],"collection":[{"href":"https:\/\/www.lucasvalerio7.com.br\/lv7\/wp-json\/wp\/v2\/pages"}],"about":[{"href":"https:\/\/www.lucasvalerio7.com.br\/lv7\/wp-json\/wp\/v2\/types\/page"}],"author":[{"embeddable":true,"href":"https:\/\/www.lucasvalerio7.com.br\/lv7\/wp-json\/wp\/v2\/users\/7"}],"replies":[{"embeddable":true,"href":"https:\/\/www.lucasvalerio7.com.br\/lv7\/wp-json\/wp\/v2\/comments?post=1400"}],"version-history":[{"count":18,"href":"https:\/\/www.lucasvalerio7.com.br\/lv7\/wp-json\/wp\/v2\/pages\/1400\/revisions"}],"predecessor-version":[{"id":2157,"href":"https:\/\/www.lucasvalerio7.com.br\/lv7\/wp-json\/wp\/v2\/pages\/1400\/revisions\/2157"}],"wp:featuredmedia":[{"embeddable":true,"href":"https:\/\/www.lucasvalerio7.com.br\/lv7\/wp-json\/wp\/v2\/media\/1155"}],"wp:attachment":[{"href":"https:\/\/www.lucasvalerio7.com.br\/lv7\/wp-json\/wp\/v2\/media?parent=1400"}],"curies":[{"name":"wp","href":"https:\/\/api.w.org\/{rel}","templated":true}]}}