{"id":1448,"date":"2023-08-04T08:20:17","date_gmt":"2023-08-04T11:20:17","guid":{"rendered":"https:\/\/www.lucasvalerio7.com.br\/lv7\/?page_id=1448"},"modified":"2024-04-07T21:14:06","modified_gmt":"2024-04-08T00:14:06","slug":"aopm","status":"publish","type":"page","link":"https:\/\/www.lucasvalerio7.com.br\/lv7\/clubes\/aopm\/","title":{"rendered":"Associa\u00e7\u00e3o dos Oficiais da Pol\u00edcia Militar"},"content":{"rendered":"\n\n\t\t\t\t<img loading=\"lazy\" decoding=\"async\" src=\"https:\/\/www.lucasvalerio7.com.br\/lv7\/wp-content\/uploads\/2023\/08\/LOGO-AOPM-300x300.png\" alt=\"AOPM\" itemprop=\"image\" height=\"300\" width=\"300\" height=\"300\" width=\"300\" title=\"AOPM\" onerror=\"this.style.display='none'\"  \/>\n\t<h4><!--\n\t--><!--\t--><!--\n\t-->\n\t<\/h4>\n\t<h1>\n\t\t\t\tAssocia\u00e7\u00e3o dos <br \/>Oficiais da <br \/>Pol\u00edcia Militar\n\t\t\t<\/h1>\n\t<h4><!--\n\t--><!--\t-->Copa Metropolitana SindiClube &#8211; PEPAC &#8211; Sub-9Copa Penha\/CEP &#8211; Sub-9<!--\n\t-->\n\t<\/h4>\n\t\t\t\t<img decoding=\"async\" src=\"https:\/\/www.lucasvalerio7.com.br\/lv7\/wp-content\/uploads\/2024\/02\/SINDI-CLUBES.png\" alt=\"SINDI CLUBES\" title=\"SINDI CLUBES\" itemprop=\"image\"\/>\n\t\t<h5>SUB-9<\/h5><h3>Sindi Clubes<\/h3>\t\t\t\n\t\t\t\t<p>Na minha estreia no mundo do Futsal, em 2015, tive a honra de defender a camisa AOPM, tradicional\u00edssima no PEPAC\/SindiClube.<\/p>\n\t\t\t\t<img decoding=\"async\" src=\"https:\/\/www.lucasvalerio7.com.br\/lv7\/wp-content\/uploads\/2024\/02\/2015_DSCF5286-Final-no-Alphaville-Tenis-Clube.webp\" alt=\"AOPM, 2015 &lt;br&gt; Sindiclube Campe\u00e3o\" title=\"2015_DSCF5286 - Final no Alphaville Tenis Clube\" itemprop=\"image\"  \/>\n\t\t\t<h5>Associa\u00e7\u00e3o dos Oficiais da Pol\u00edcia Militar<\/h5><h3>AOPM<\/h3>\t\t\t\n\t\t\t\t<p>O ano era 2015 e marcava o in\u00edcio da minha trajet\u00f3ria no Futsal.<br \/>A camisa da AOPM foi marcante pela confian\u00e7a e pelo incentivo que recebi. <br \/>Entrei como bolsista integral (jogava mesmo n\u00e3o sendo s\u00f3cio do clube). Em pouco tempo, conquistei meu espa\u00e7o no time atuando como ala\/piv\u00f4.<br \/>Al\u00e9m dos amigos desta \u00e9poca, ficaram lembran\u00e7as de muitos gols e assist\u00eancias tanto pelo SindiClube quanto pela Copa Penha.<\/p>\n<p>Eternos agradecimentos ao L\u00e9o (Leonardo Ballestero, meu treinador no Sub-9), ao Vini e ao Filipe (Fi), que completavam a comiss\u00e3o t\u00e9cnica.<\/p>\n\n","protected":false},"excerpt":{"rendered":"<p>Associa\u00e7\u00e3o dos Oficiais da Pol\u00edcia Militar Copa Metropolitana SindiClube &#8211; PEPAC &#8211; Sub-9Copa Penha\/CEP &#8211; Sub-9 SUB-9 Sindi Clubes Na minha estreia no mundo do Futsal, em 2015, tive a honra de defender a camisa AOPM, tradicional\u00edssima no PEPAC\/SindiClube. Associa\u00e7\u00e3o dos Oficiais da Pol\u00edcia Militar AOPM O ano era 2015 e marcava o in\u00edcio da [&hellip;]<\/p>\n","protected":false},"author":7,"featured_media":0,"parent":1400,"menu_order":0,"comment_status":"closed","ping_status":"closed","template":"","meta":{"site-sidebar-layout":"no-sidebar","site-content-layout":"page-builder","ast-site-content-layout":"full-width-container","site-content-style":"unboxed","site-sidebar-style":"unboxed","ast-global-header-display":"","ast-banner-title-visibility":"","ast-main-header-display":"","ast-hfb-above-header-display":"","ast-hfb-below-header-display":"","ast-hfb-mobile-header-display":"","site-post-title":"disabled","ast-breadcrumbs-content":"disabled","ast-featured-img":"disabled","footer-sml-layout":"","ast-disable-related-posts":"","theme-transparent-header-meta":"enabled","adv-header-id-meta":"","stick-header-meta":"","header-above-stick-meta":"","header-main-stick-meta":"","header-below-stick-meta":"","astra-migrate-meta-layouts":"set","ast-page-background-enabled":"default","ast-page-background-meta":{"desktop":{"background-color":"","background-image":"","background-repeat":"repeat","background-position":"center center","background-size":"auto","background-attachment":"scroll","background-type":"","background-media":"","overlay-type":"","overlay-color":"","overlay-opacity":"","overlay-gradient":""},"tablet":{"background-color":"","background-image":"","background-repeat":"repeat","background-position":"center center","background-size":"auto","background-attachment":"scroll","background-type":"","background-media":"","overlay-type":"","overlay-color":"","overlay-opacity":"","overlay-gradient":""},"mobile":{"background-color":"","background-image":"","background-repeat":"repeat","background-position":"center center","background-size":"auto","background-attachment":"scroll","background-type":"","background-media":"","overlay-type":"","overlay-color":"","overlay-opacity":"","overlay-gradient":""}},"ast-content-background-meta":{"desktop":{"background-color":"var(--ast-global-color-5)","background-image":"","background-repeat":"repeat","background-position":"center center","background-size":"auto","background-attachment":"scroll","background-type":"","background-media":"","overlay-type":"","overlay-color":"","overlay-opacity":"","overlay-gradient":""},"tablet":{"background-color":"var(--ast-global-color-5)","background-image":"","background-repeat":"repeat","background-position":"center center","background-size":"auto","background-attachment":"scroll","background-type":"","background-media":"","overlay-type":"","overlay-color":"","overlay-opacity":"","overlay-gradient":""},"mobile":{"background-color":"var(--ast-global-color-5)","background-image":"","background-repeat":"repeat","background-position":"center center","background-size":"auto","background-attachment":"scroll","background-type":"","background-media":"","overlay-type":"","overlay-color":"","overlay-opacity":"","overlay-gradient":""}},"footnotes":""},"class_list":["post-1448","page","type-page","status-publish","hentry"],"_links":{"self":[{"href":"https:\/\/www.lucasvalerio7.com.br\/lv7\/wp-json\/wp\/v2\/pages\/1448","targetHints":{"allow":["GET"]}}],"collection":[{"href":"https:\/\/www.lucasvalerio7.com.br\/lv7\/wp-json\/wp\/v2\/pages"}],"about":[{"href":"https:\/\/www.lucasvalerio7.com.br\/lv7\/wp-json\/wp\/v2\/types\/page"}],"author":[{"embeddable":true,"href":"https:\/\/www.lucasvalerio7.com.br\/lv7\/wp-json\/wp\/v2\/users\/7"}],"replies":[{"embeddable":true,"href":"https:\/\/www.lucasvalerio7.com.br\/lv7\/wp-json\/wp\/v2\/comments?post=1448"}],"version-history":[{"count":28,"href":"https:\/\/www.lucasvalerio7.com.br\/lv7\/wp-json\/wp\/v2\/pages\/1448\/revisions"}],"predecessor-version":[{"id":2041,"href":"https:\/\/www.lucasvalerio7.com.br\/lv7\/wp-json\/wp\/v2\/pages\/1448\/revisions\/2041"}],"up":[{"embeddable":true,"href":"https:\/\/www.lucasvalerio7.com.br\/lv7\/wp-json\/wp\/v2\/pages\/1400"}],"wp:attachment":[{"href":"https:\/\/www.lucasvalerio7.com.br\/lv7\/wp-json\/wp\/v2\/media?parent=1448"}],"curies":[{"name":"wp","href":"https:\/\/api.w.org\/{rel}","templated":true}]}}