{"id":1470,"date":"2023-09-01T23:48:21","date_gmt":"2023-09-02T02:48:21","guid":{"rendered":"https:\/\/www.lucasvalerio7.com.br\/lv7\/?page_id=1470"},"modified":"2024-04-06T20:04:51","modified_gmt":"2024-04-06T23:04:51","slug":"wimpro","status":"publish","type":"page","link":"https:\/\/www.lucasvalerio7.com.br\/lv7\/clubes\/wimpro\/","title":{"rendered":"Wimpro"},"content":{"rendered":"\n\n\t\t\t\t<img loading=\"lazy\" decoding=\"async\" src=\"https:\/\/www.lucasvalerio7.com.br\/lv7\/wp-content\/uploads\/2023\/09\/WIMPRO-GUARULHOS-300x300.png\" alt=\"WIMPRO GUARULHOS\" itemprop=\"image\" height=\"300\" width=\"300\" height=\"300\" width=\"300\" title=\"WIMPRO GUARULHOS\" onerror=\"this.style.display='none'\"  \/>\n\t<h4><!--\n\t--><!--\t--><!--\n\t-->\n\t<\/h4>\n\t<h1>\n\t\t\t\tWimpro Guarulhos\n\t\t\t<\/h1>\n\t<h4><!--\n\t--><!--\t-->Federa\u00e7\u00e3o Paulista de FutsalCampeonato Metropolitano &#8211; A1<!--\n\t-->\n\t<\/h4>\n\t<h4><!--\n\t--><!--\t--><!--\n\t-->\n\t<\/h4>\n\t\t\t\t<img decoding=\"async\" src=\"https:\/\/www.lucasvalerio7.com.br\/lv7\/wp-content\/uploads\/2023\/07\/maxresdefault-150x150.jpg\" alt=\"Federa\u00e7\u00e3o Paulista de Futebol de Sal\u00e3o\" title=\"Federa\u00e7\u00e3o Paulista de Futebol de Sal\u00e3o\" itemprop=\"image\"\/>\n\t\t<h5>SUB-14<\/h5><h3>Federa\u00e7\u00e3o Paulista de Futsal &#8211; S\u00e9rie A1<\/h3>\t\t\t\n\t\t\t\t<p>O ano era 2019, pelo Sub-14. <br \/>A Wimpro me proporcionou grande desenvolvimento como atleta naquele ano.<\/p>\n\t\t\t\t<img decoding=\"async\" src=\"https:\/\/www.lucasvalerio7.com.br\/lv7\/wp-content\/uploads\/2024\/03\/2019_IMG_20190324_165340337-1280x720-1.webp\" alt=\"WIMPRO GIN\u00c1SIO DA FEDERA\u00c7\u00c3O\" title=\"WIMPRO GIN\u00c1SIO DA FEDERA\u00c7\u00c3O\" itemprop=\"image\"  \/>\n\t\t\t\t\t<img decoding=\"async\" src=\"https:\/\/i.ytimg.com\/vi\/Zkt1riv-Cog\/maxresdefault.jpg\" alt=\"youtube-video-thumbnail\"\/>\n\t\t\t<h5>Primeira derrota<\/h5><h3>S\u00e3o Paulo FC 5&#215;1 Wimpro Guarulhos<\/h3>\t\t\t\n\t\t\t\t<p>Por mais que nos esforcemos, nem sempre o placar \u00e9 favor\u00e1vel. <br \/>Mas sempre (ganhando ou perdendo) ficam as li\u00e7\u00f5es.<\/p>\n\n","protected":false},"excerpt":{"rendered":"<p>Wimpro Guarulhos Federa\u00e7\u00e3o Paulista de FutsalCampeonato Metropolitano &#8211; A1 SUB-14 Federa\u00e7\u00e3o Paulista de Futsal &#8211; S\u00e9rie A1 O ano era 2019, pelo Sub-14. A Wimpro me proporcionou grande desenvolvimento como atleta naquele ano. Primeira derrota S\u00e3o Paulo FC 5&#215;1 Wimpro Guarulhos Por mais que nos esforcemos, nem sempre o placar \u00e9 favor\u00e1vel. Mas sempre (ganhando [&hellip;]<\/p>\n","protected":false},"author":7,"featured_media":0,"parent":1400,"menu_order":0,"comment_status":"closed","ping_status":"closed","template":"","meta":{"site-sidebar-layout":"no-sidebar","site-content-layout":"page-builder","ast-site-content-layout":"full-width-container","site-content-style":"unboxed","site-sidebar-style":"unboxed","ast-global-header-display":"","ast-banner-title-visibility":"","ast-main-header-display":"","ast-hfb-above-header-display":"","ast-hfb-below-header-display":"","ast-hfb-mobile-header-display":"","site-post-title":"disabled","ast-breadcrumbs-content":"disabled","ast-featured-img":"disabled","footer-sml-layout":"","ast-disable-related-posts":"","theme-transparent-header-meta":"enabled","adv-header-id-meta":"","stick-header-meta":"","header-above-stick-meta":"","header-main-stick-meta":"","header-below-stick-meta":"","astra-migrate-meta-layouts":"set","ast-page-background-enabled":"default","ast-page-background-meta":{"desktop":{"background-color":"","background-image":"","background-repeat":"repeat","background-position":"center center","background-size":"auto","background-attachment":"scroll","background-type":"","background-media":"","overlay-type":"","overlay-color":"","overlay-opacity":"","overlay-gradient":""},"tablet":{"background-color":"","background-image":"","background-repeat":"repeat","background-position":"center center","background-size":"auto","background-attachment":"scroll","background-type":"","background-media":"","overlay-type":"","overlay-color":"","overlay-opacity":"","overlay-gradient":""},"mobile":{"background-color":"","background-image":"","background-repeat":"repeat","background-position":"center center","background-size":"auto","background-attachment":"scroll","background-type":"","background-media":"","overlay-type":"","overlay-color":"","overlay-opacity":"","overlay-gradient":""}},"ast-content-background-meta":{"desktop":{"background-color":"var(--ast-global-color-5)","background-image":"","background-repeat":"repeat","background-position":"center center","background-size":"auto","background-attachment":"scroll","background-type":"","background-media":"","overlay-type":"","overlay-color":"","overlay-opacity":"","overlay-gradient":""},"tablet":{"background-color":"var(--ast-global-color-5)","background-image":"","background-repeat":"repeat","background-position":"center center","background-size":"auto","background-attachment":"scroll","background-type":"","background-media":"","overlay-type":"","overlay-color":"","overlay-opacity":"","overlay-gradient":""},"mobile":{"background-color":"var(--ast-global-color-5)","background-image":"","background-repeat":"repeat","background-position":"center center","background-size":"auto","background-attachment":"scroll","background-type":"","background-media":"","overlay-type":"","overlay-color":"","overlay-opacity":"","overlay-gradient":""}},"footnotes":""},"class_list":["post-1470","page","type-page","status-publish","hentry"],"_links":{"self":[{"href":"https:\/\/www.lucasvalerio7.com.br\/lv7\/wp-json\/wp\/v2\/pages\/1470","targetHints":{"allow":["GET"]}}],"collection":[{"href":"https:\/\/www.lucasvalerio7.com.br\/lv7\/wp-json\/wp\/v2\/pages"}],"about":[{"href":"https:\/\/www.lucasvalerio7.com.br\/lv7\/wp-json\/wp\/v2\/types\/page"}],"author":[{"embeddable":true,"href":"https:\/\/www.lucasvalerio7.com.br\/lv7\/wp-json\/wp\/v2\/users\/7"}],"replies":[{"embeddable":true,"href":"https:\/\/www.lucasvalerio7.com.br\/lv7\/wp-json\/wp\/v2\/comments?post=1470"}],"version-history":[{"count":11,"href":"https:\/\/www.lucasvalerio7.com.br\/lv7\/wp-json\/wp\/v2\/pages\/1470\/revisions"}],"predecessor-version":[{"id":2035,"href":"https:\/\/www.lucasvalerio7.com.br\/lv7\/wp-json\/wp\/v2\/pages\/1470\/revisions\/2035"}],"up":[{"embeddable":true,"href":"https:\/\/www.lucasvalerio7.com.br\/lv7\/wp-json\/wp\/v2\/pages\/1400"}],"wp:attachment":[{"href":"https:\/\/www.lucasvalerio7.com.br\/lv7\/wp-json\/wp\/v2\/media?parent=1470"}],"curies":[{"name":"wp","href":"https:\/\/api.w.org\/{rel}","templated":true}]}}