{"id":2014,"date":"2024-04-05T23:07:08","date_gmt":"2024-04-06T02:07:08","guid":{"rendered":"https:\/\/www.lucasvalerio7.com.br\/lv7\/?page_id=2014"},"modified":"2024-05-17T18:11:12","modified_gmt":"2024-05-17T21:11:12","slug":"each-usp","status":"publish","type":"page","link":"https:\/\/www.lucasvalerio7.com.br\/lv7\/clubes\/each-usp\/","title":{"rendered":"EACH-USP"},"content":{"rendered":"\n\n\t\t\t\t<img loading=\"lazy\" decoding=\"async\" src=\"https:\/\/www.lucasvalerio7.com.br\/lv7\/wp-content\/uploads\/2024\/04\/AAAEACH-USP-300x300.webp\" alt=\"ATL\u00c9TICA EACH USP\" itemprop=\"image\" height=\"300\" width=\"300\" height=\"300\" width=\"300\" title=\"ATL\u00c9TICA EACH USP\" onerror=\"this.style.display='none'\"  \/>\n\t<h4><!--\n\t--><!--\t--><!--\n\t-->\n\t<\/h4>\n\t<h1>\n\t\t\t\tATL\u00c9TICA <br \/>EACH-USP\n\t\t\t<\/h1>\n\t<h4><!--\n\t--><!--\t-->BICHUSP 2024 &#8211; Futebol de CampoCOPA USP 2024 &#8211; Futebol de CampoNDU &#8211; Novo Desporto Universit\u00e1rio<!--\n\t-->\n\t<\/h4>\n\t<h4><!--\n\t--><!--\t--><!--\n\t-->\n\t<\/h4>\n\t\t\t\t<img decoding=\"async\" src=\"https:\/\/www.lucasvalerio7.com.br\/lv7\/wp-content\/uploads\/2024\/04\/NDU-2024-150x150.webp\" alt=\"NDU 2024\" title=\"NDU 2024\" itemprop=\"image\"\/>\n\t\t<h5>Categoria Adulto<\/h5><h3>NOVO DESPORTO UNIVERSIT\u00c1RIO<\/h3>\t\t\t\n\t\t\t\t<p>2024 &#8220;chegou chegando&#8221;, cheio de novidades&#8230; e trouxe com ele a minha entrada na EACH-USP e no NDU, <br \/>o maior torneio universit\u00e1rio da Am\u00e9rica Latina!<\/p>\n<p>O NDU \u00e9, portanto, o mais novo desafio a ser superado. Vamos para cima, com a camisa pesada da EACH!<\/p>\n\t\t\t\t<img decoding=\"async\" src=\"https:\/\/www.lucasvalerio7.com.br\/lv7\/wp-content\/uploads\/2024\/04\/logo-each-3D.png\" alt=\"LOGO EACH 3D\" title=\"LOGO EACH 3D\" itemprop=\"image\"  \/>\n\t\t\t\t<img decoding=\"async\" src=\"https:\/\/www.lucasvalerio7.com.br\/lv7\/wp-content\/uploads\/2024\/04\/AAAEACH-USP-150x150.webp\" alt=\"ATL\u00c9TICA EACH USP\" title=\"ATL\u00c9TICA EACH USP\" itemprop=\"image\"  \/>\n\t\t\t<h5>BICHUSP 2024<\/h5><h3>FUTEBOL DE CAMPO<\/h3>\t\t\t\n\t\t\t\t<p><strong>13\/04\/2024, no CEPEUSP<\/strong><\/p>\n<p>FASE DE GRUPO SUPERADA COM DUAS GRANDES VIT\u00d3RIAS!<br \/><br \/>CLASSIFICADOS PARA A SEMIFINAL DO BICHUSP 2024, <br \/>perdemos a semifinal para a POLI, no \u00faltimo lance do jogo&#8230; Final de jogo: EACH 2&#215;3 POLI<\/p>\n\t<iframe allowfullscreen allow=\"autoplay\" data-src=\"https:\/\/www.youtube.com\/embed\/gyYe6jGjPkw?feature=oembed&amp;start&amp;end&amp;wmode=opaque&amp;loop=0&amp;controls=1&amp;mute=0&amp;rel=0&amp;modestbranding=1\" title=\"BICHUSP 2024 - AAAGW 1x5 EACH (meu 1\u2070 gol no campeonato)\"><\/iframe>\t\t\n\t\t\t\t\tPlay Video\n\t\t\tBICHUSP 2024 &#8211; AAAGW 1&#215;5 EACH (meu 1\u2070 gol no campeonato)\n\t<iframe allowfullscreen allow=\"autoplay\" data-src=\"https:\/\/www.youtube.com\/embed\/nin-GK2bOAE?feature=oembed&amp;start&amp;end&amp;wmode=opaque&amp;loop=0&amp;controls=1&amp;mute=0&amp;rel=0&amp;modestbranding=1\" title=\"BICHUSP 2024 - EACH 8x1 FAUUSP (meu 2\u2070 gol no campeonato)\"><\/iframe>\t\t\n\t\t\t\t\tPlay Video\n\t\t\tBICHUSP 2024 &#8211; EACH 8&#215;1 FAUUSP (meu 2\u2070 gol no campeonato)\n\t<iframe allowfullscreen allow=\"autoplay\" data-src=\"https:\/\/www.youtube.com\/embed\/Yie0j0iq1mU?feature=oembed&amp;start&amp;end&amp;wmode=opaque&amp;loop=0&amp;controls=1&amp;mute=0&amp;rel=0&amp;modestbranding=1\" title=\"BICHUSP 2024 - EACH 8x1 FAUUSP (meu 3\u2070 gol no campeonato)\"><\/iframe>\t\t\n\t\t\t\t\tPlay Video\n\t\t\tBICHUSP 2024 &#8211; EACH 8&#215;1 FAUUSP (meu 3\u2070 gol no campeonato)\n\t\t\t\t<img decoding=\"async\" src=\"https:\/\/www.lucasvalerio7.com.br\/lv7\/wp-content\/uploads\/2024\/04\/AAAEACH-USP-150x150.webp\" alt=\"ATL\u00c9TICA EACH USP\" title=\"ATL\u00c9TICA EACH USP\" itemprop=\"image\"  \/>\n\t\t\t<h5>COPA USP 2024<\/h5><h3>FUTEBOL DE CAMPO<\/h3>\t\t\t\n\t\t\t\t<p><strong>15\/05\/2024, 19hs, no CEPEUSP<\/strong><\/p>\n<p>JOGO DECISIVO! <br \/>PRECISAMOS, PELO MENOS DO EMPATE PARA SEGUIRMOS NA LUTA PELA CLASSIFICA\u00c7\u00c3O.<\/p>\n<p>EACH x ECA<\/p>\n<h2>\n\t\tFOTOS\n\t\tagrupadas\n\t\t\t\t<\/h2>\t\n\t\t\t\t\t\t<a>\n\t\t\t\t\t<img decoding=\"async\" src=\"https:\/\/www.lucasvalerio7.com.br\/lv7\/wp-content\/uploads\/2024\/04\/1280x720-SV-MASK_ACERVO-PESSOAL_LATERAL-DSC00688.webp\" alt=\"LUCAS VALERIO - BICHUSP 2024 - DSC00688\" \/>\n\t\t\t\t\t\t\t\t\t\t\t\t\t\t\t\t\t\t\t\t\t\t\t\t\t\t\t\tBICHUSP 2024\n\t\t\t\t\t\t\t\t\t\t\t\t\t\t\t\t\t\t\t\t\t\t\t\t\t\t\t\t11 FOTOS\n\t\t\t<\/a>\n\t\t\t\t\t\t\t\t\t\t<a href=\"https:\/\/www.lucasvalerio7.com.br\/lv7\/wp-content\/uploads\/2024\/04\/1280x720-SV-MASK_ACERVO-PESSOAL_LATERAL-DSC00688.webp\" data-fancybox=\"pp-album-\" data-caption=\"BICHUSP 2024 - LUCAS VALERIO \">\n\t\t\t\t\t\t\t<img decoding=\"async\" src=\"https:\/\/www.lucasvalerio7.com.br\/lv7\/wp-content\/uploads\/2024\/04\/1280x720-SV-MASK_ACERVO-PESSOAL_LATERAL-DSC00688.webp\" alt=\"LUCAS VALERIO - BICHUSP 2024 - DSC00688\" \/>\n\t\t\t\t\t\t<\/a>\n\t\t\t\t\t\t\t\t\t\t\t<a href=\"https:\/\/www.lucasvalerio7.com.br\/lv7\/wp-content\/uploads\/2024\/04\/1280x720-SV-MASK_ACERVO-PESSOAL_LATERAL-DSC00605.webp\" data-fancybox=\"pp-album-\" data-caption=\"BICHUSP 2024 - Concentrando\">\n\t\t\t\t\t\t\t<img decoding=\"async\" src=\"https:\/\/www.lucasvalerio7.com.br\/lv7\/wp-content\/uploads\/2024\/04\/1280x720-SV-MASK_ACERVO-PESSOAL_LATERAL-DSC00605.webp\" alt=\"LUCAS VALERIO - BICHUSP 2024 - DSC00605\" \/>\n\t\t\t\t\t\t<\/a>\n\t\t\t\t\t\t\t\t\t\t\t<a href=\"https:\/\/www.lucasvalerio7.com.br\/lv7\/wp-content\/uploads\/2024\/04\/1280x720-SV-MASK_ACERVO-PESSOAL_LATERAL-DSC00671.webp\" data-fancybox=\"pp-album-\" data-caption=\"BICHUSP 2024 - Os Estrategistas\">\n\t\t\t\t\t\t\t<img decoding=\"async\" src=\"https:\/\/www.lucasvalerio7.com.br\/lv7\/wp-content\/uploads\/2024\/04\/1280x720-SV-MASK_ACERVO-PESSOAL_LATERAL-DSC00671.webp\" alt=\"LUCAS VALERIO - BICHUSP 2024 - DSC00671\" \/>\n\t\t\t\t\t\t<\/a>\n\t\t\t\t\t\t\t\t\t\t\t<a href=\"https:\/\/www.lucasvalerio7.com.br\/lv7\/wp-content\/uploads\/2024\/04\/1280x720-SV-MASK_ACERVO-PESSOAL_LATERAL-DSC00616.webp\" data-fancybox=\"pp-album-\" data-caption=\"BICHUSP 2024 - Fatiando...\">\n\t\t\t\t\t\t\t<img decoding=\"async\" src=\"https:\/\/www.lucasvalerio7.com.br\/lv7\/wp-content\/uploads\/2024\/04\/1280x720-SV-MASK_ACERVO-PESSOAL_LATERAL-DSC00616.webp\" alt=\"LUCAS VALERIO - BICHUSP 2024 - DSC00616\" \/>\n\t\t\t\t\t\t<\/a>\n\t\t\t\t\t\t\t\t\t\t\t<a href=\"https:\/\/www.lucasvalerio7.com.br\/lv7\/wp-content\/uploads\/2024\/04\/1280x720-SV-MASK_ACERVO-PESSOAL_LATERAL-DSC00700.webp\" data-fancybox=\"pp-album-\" data-caption=\"BICHUSP 2024 - Segue o jogo\">\n\t\t\t\t\t\t\t<img decoding=\"async\" src=\"https:\/\/www.lucasvalerio7.com.br\/lv7\/wp-content\/uploads\/2024\/04\/1280x720-SV-MASK_ACERVO-PESSOAL_LATERAL-DSC00700.webp\" alt=\"LUCAS VALERIO - BICHUSP 2024 - DSC00700\" \/>\n\t\t\t\t\t\t<\/a>\n\t\t\t\t\t\t\t\t\t\t\t<a href=\"https:\/\/www.lucasvalerio7.com.br\/lv7\/wp-content\/uploads\/2024\/04\/1280x720-SV-MASK_ACERVO-PESSOAL_LATERAL-DSC00662.webp\" data-fancybox=\"pp-album-\" data-caption=\"BICHUSP 2024 - Intervalo\">\n\t\t\t\t\t\t\t<img decoding=\"async\" src=\"https:\/\/www.lucasvalerio7.com.br\/lv7\/wp-content\/uploads\/2024\/04\/1280x720-SV-MASK_ACERVO-PESSOAL_LATERAL-DSC00662.webp\" alt=\"LUCAS VALERIO - BICHUSP 2024 - DSC00662\" \/>\n\t\t\t\t\t\t<\/a>\n\t\t\t\t\t\t\t\t\t\t\t<a href=\"https:\/\/www.lucasvalerio7.com.br\/lv7\/wp-content\/uploads\/2024\/04\/1280x720-SV-MASK_ACERVO-PESSOAL_LATERAL-DSC00674.webp\" data-fancybox=\"pp-album-\" data-caption=\"BICHUSP 2024 - Descansando para voltar e fazer mais 2...\">\n\t\t\t\t\t\t\t<img decoding=\"async\" src=\"https:\/\/www.lucasvalerio7.com.br\/lv7\/wp-content\/uploads\/2024\/04\/1280x720-SV-MASK_ACERVO-PESSOAL_LATERAL-DSC00674.webp\" alt=\"LUCAS VALERIO - BICHUSP 2024 - DSC00674\" \/>\n\t\t\t\t\t\t<\/a>\n\t\t\t\t\t\t\t\t\t\t\t<a href=\"https:\/\/www.lucasvalerio7.com.br\/lv7\/wp-content\/uploads\/2024\/04\/1280x720-SV-MASK_ACERVO-PESSOAL_LATERAL-DSC00695.webp\" data-fancybox=\"pp-album-\" data-caption=\"BICHUSP 2024 - Driblei o cara errado... kkkkk\">\n\t\t\t\t\t\t\t<img decoding=\"async\" src=\"https:\/\/www.lucasvalerio7.com.br\/lv7\/wp-content\/uploads\/2024\/04\/1280x720-SV-MASK_ACERVO-PESSOAL_LATERAL-DSC00695.webp\" alt=\"LUCAS VALERIO - BICHUSP 2024 - DSC00695\" \/>\n\t\t\t\t\t\t<\/a>\n\t\t\t\t\t\t\t\t\t\t\t<a href=\"https:\/\/www.lucasvalerio7.com.br\/lv7\/wp-content\/uploads\/2024\/04\/1280x720-SV-MASK_ACERVO-PESSOAL_LATERAL-DSC00694.webp\" data-fancybox=\"pp-album-\" data-caption=\"BICHUSP 2024 - Terceiro Gol\">\n\t\t\t\t\t\t\t<img decoding=\"async\" src=\"https:\/\/www.lucasvalerio7.com.br\/lv7\/wp-content\/uploads\/2024\/04\/1280x720-SV-MASK_ACERVO-PESSOAL_LATERAL-DSC00694.webp\" alt=\"LUCAS VALERIO - BICHUSP 2024 - DSC00694\" \/>\n\t\t\t\t\t\t<\/a>\n\t\t\t\t\t\t\t\t\t\t\t<a href=\"https:\/\/www.lucasvalerio7.com.br\/lv7\/wp-content\/uploads\/2024\/04\/1280x720-SV-MASK_ACERVO-PESSOAL_LATERAL-DSC00744.webp\" data-fancybox=\"pp-album-\" data-caption=\"BICHUSP 2024 - Os bixos\">\n\t\t\t\t\t\t\t<img decoding=\"async\" src=\"https:\/\/www.lucasvalerio7.com.br\/lv7\/wp-content\/uploads\/2024\/04\/1280x720-SV-MASK_ACERVO-PESSOAL_LATERAL-DSC00744.webp\" alt=\"LUCAS VALERIO - BICHUSP 2024 - DSC00744\" \/>\n\t\t\t\t\t\t<\/a>\n\t\t\t\t\t\t\t\t\t\t\t<a href=\"https:\/\/www.lucasvalerio7.com.br\/lv7\/wp-content\/uploads\/2024\/04\/1280x720-SV-MASK_ACERVO-PESSOAL_LATERAL-DSC00747.webp\" data-fancybox=\"pp-album-\" data-caption=\"BICHUSP 2024 - O time e a torcida\">\n\t\t\t\t\t\t\t<img decoding=\"async\" src=\"https:\/\/www.lucasvalerio7.com.br\/lv7\/wp-content\/uploads\/2024\/04\/1280x720-SV-MASK_ACERVO-PESSOAL_LATERAL-DSC00747.webp\" alt=\"LUCAS VALERIO - BICHUSP 2024 - DSC00747\" \/>\n\t\t\t\t\t\t<\/a>\n\n","protected":false},"excerpt":{"rendered":"<p>ATL\u00c9TICA EACH-USP BICHUSP 2024 &#8211; Futebol de CampoCOPA USP 2024 &#8211; Futebol de CampoNDU &#8211; Novo Desporto Universit\u00e1rio Categoria Adulto NOVO DESPORTO UNIVERSIT\u00c1RIO 2024 &#8220;chegou chegando&#8221;, cheio de novidades&#8230; e trouxe com ele a minha entrada na EACH-USP e no NDU, o maior torneio universit\u00e1rio da Am\u00e9rica Latina! O NDU \u00e9, portanto, o mais novo [&hellip;]<\/p>\n","protected":false},"author":7,"featured_media":0,"parent":1400,"menu_order":0,"comment_status":"closed","ping_status":"closed","template":"","meta":{"site-sidebar-layout":"no-sidebar","site-content-layout":"page-builder","ast-site-content-layout":"full-width-container","site-content-style":"unboxed","site-sidebar-style":"unboxed","ast-global-header-display":"","ast-banner-title-visibility":"","ast-main-header-display":"","ast-hfb-above-header-display":"","ast-hfb-below-header-display":"","ast-hfb-mobile-header-display":"","site-post-title":"disabled","ast-breadcrumbs-content":"disabled","ast-featured-img":"disabled","footer-sml-layout":"","ast-disable-related-posts":"","theme-transparent-header-meta":"enabled","adv-header-id-meta":"","stick-header-meta":"","header-above-stick-meta":"","header-main-stick-meta":"","header-below-stick-meta":"","astra-migrate-meta-layouts":"set","ast-page-background-enabled":"default","ast-page-background-meta":{"desktop":{"background-color":"","background-image":"","background-repeat":"repeat","background-position":"center center","background-size":"auto","background-attachment":"scroll","background-type":"","background-media":"","overlay-type":"","overlay-color":"","overlay-opacity":"","overlay-gradient":""},"tablet":{"background-color":"","background-image":"","background-repeat":"repeat","background-position":"center center","background-size":"auto","background-attachment":"scroll","background-type":"","background-media":"","overlay-type":"","overlay-color":"","overlay-opacity":"","overlay-gradient":""},"mobile":{"background-color":"","background-image":"","background-repeat":"repeat","background-position":"center center","background-size":"auto","background-attachment":"scroll","background-type":"","background-media":"","overlay-type":"","overlay-color":"","overlay-opacity":"","overlay-gradient":""}},"ast-content-background-meta":{"desktop":{"background-color":"var(--ast-global-color-5)","background-image":"","background-repeat":"repeat","background-position":"center center","background-size":"auto","background-attachment":"scroll","background-type":"","background-media":"","overlay-type":"","overlay-color":"","overlay-opacity":"","overlay-gradient":""},"tablet":{"background-color":"var(--ast-global-color-5)","background-image":"","background-repeat":"repeat","background-position":"center center","background-size":"auto","background-attachment":"scroll","background-type":"","background-media":"","overlay-type":"","overlay-color":"","overlay-opacity":"","overlay-gradient":""},"mobile":{"background-color":"var(--ast-global-color-5)","background-image":"","background-repeat":"repeat","background-position":"center center","background-size":"auto","background-attachment":"scroll","background-type":"","background-media":"","overlay-type":"","overlay-color":"","overlay-opacity":"","overlay-gradient":""}},"footnotes":""},"class_list":["post-2014","page","type-page","status-publish","hentry"],"_links":{"self":[{"href":"https:\/\/www.lucasvalerio7.com.br\/lv7\/wp-json\/wp\/v2\/pages\/2014","targetHints":{"allow":["GET"]}}],"collection":[{"href":"https:\/\/www.lucasvalerio7.com.br\/lv7\/wp-json\/wp\/v2\/pages"}],"about":[{"href":"https:\/\/www.lucasvalerio7.com.br\/lv7\/wp-json\/wp\/v2\/types\/page"}],"author":[{"embeddable":true,"href":"https:\/\/www.lucasvalerio7.com.br\/lv7\/wp-json\/wp\/v2\/users\/7"}],"replies":[{"embeddable":true,"href":"https:\/\/www.lucasvalerio7.com.br\/lv7\/wp-json\/wp\/v2\/comments?post=2014"}],"version-history":[{"count":18,"href":"https:\/\/www.lucasvalerio7.com.br\/lv7\/wp-json\/wp\/v2\/pages\/2014\/revisions"}],"predecessor-version":[{"id":2120,"href":"https:\/\/www.lucasvalerio7.com.br\/lv7\/wp-json\/wp\/v2\/pages\/2014\/revisions\/2120"}],"up":[{"embeddable":true,"href":"https:\/\/www.lucasvalerio7.com.br\/lv7\/wp-json\/wp\/v2\/pages\/1400"}],"wp:attachment":[{"href":"https:\/\/www.lucasvalerio7.com.br\/lv7\/wp-json\/wp\/v2\/media?parent=2014"}],"curies":[{"name":"wp","href":"https:\/\/api.w.org\/{rel}","templated":true}]}}