{"id":2129,"date":"2024-10-20T18:45:07","date_gmt":"2024-10-20T21:45:07","guid":{"rendered":"https:\/\/www.lucasvalerio7.com.br\/lv7\/?page_id=2129"},"modified":"2024-10-28T20:51:04","modified_gmt":"2024-10-28T23:51:04","slug":"selecao-da-usp","status":"publish","type":"page","link":"https:\/\/www.lucasvalerio7.com.br\/lv7\/clubes\/selecao-da-usp\/","title":{"rendered":"Sele\u00e7\u00e3o da USP"},"content":{"rendered":"\n\n\t\t\t\t<img loading=\"lazy\" decoding=\"async\" src=\"https:\/\/www.lucasvalerio7.com.br\/lv7\/wp-content\/uploads\/2024\/10\/SELECAO-USP-LAAUSP-FUPE-CBDU.png\" alt=\"SELE\u00c7\u00c3O USP - LAAUSP FUPE CBDU\" itemprop=\"image\" height=\"640\" width=\"640\" title=\"SELE\u00c7\u00c3O USP - LAAUSP FUPE CBDU\" onerror=\"this.style.display='none'\"  \/>\n\t<h4><!--\n\t--><!--\t--><!--\n\t-->\n\t<\/h4>\n\t<h1>\n\t\t\t\tSele\u00e7\u00e3o <br \/>da USP\n\t\t\t<\/h1>\n\t<h4><!--\n\t--><!--\t-->2024 &#8211; Futebol de CampoLAAUSP \/ FUPE \/ CBDU<!--\n\t-->\n\t<\/h4>\n\t<h4><!--\n\t--><!--\t--><!--\n\t-->\n\t<\/h4>\n\t\t\t\t<img decoding=\"async\" src=\"https:\/\/www.lucasvalerio7.com.br\/lv7\/wp-content\/uploads\/2024\/10\/FUPE_jogos-universitarios.png\" alt=\"FUPE - jogos universit\u00e1rios\" title=\"FUPE - jogos universit\u00e1rios\" itemprop=\"image\"\/>\n\t\t<h5>Categoria Adulto<\/h5><h3>RUMO AO JUBS<\/h3>\t\t\t\n\t\t\t\t<p>Al\u00e9m do NDU, pela Atl\u00e9tica EACHUSP, temos outros grandes desafios pela frente no Futebol de Campo. Buscaremos a dif\u00edcil vaga para representar o nosso estado no JUBS, os Jogos Universit\u00e1rios Brasileiros, organizados desde 1935!<\/p>\n<p>O JUBS, que hoje \u00e9 organizado pela CBDU, \u00e9 o maior desafio a ser superado (por enquanto! rsrs).<\/p>\n<p>Vamos para cima, honrando a camisa da SELE\u00c7\u00c3O DA USP!<\/p>\n\t\t\t\t<img decoding=\"async\" src=\"https:\/\/www.lucasvalerio7.com.br\/lv7\/wp-content\/uploads\/2024\/10\/LAAUSP-2024-150x150.png\" alt=\"Liga das Atl\u00e9ticas da USP\" title=\"Liga das Atl\u00e9ticas da USP\" itemprop=\"image\"  \/>\n\t\t\t\t<img decoding=\"async\" src=\"https:\/\/www.lucasvalerio7.com.br\/lv7\/wp-content\/uploads\/2024\/10\/FUPE-150x150.png\" alt=\"FUPE\" title=\"FUPE\" itemprop=\"image\"  \/>\n\t\t\t\t<img decoding=\"async\" src=\"https:\/\/www.lucasvalerio7.com.br\/lv7\/wp-content\/uploads\/2024\/10\/CBDU-150x150.png\" alt=\"CBDU\" title=\"CBDU\" itemprop=\"image\"  \/>\n\t\t\t\t<img decoding=\"async\" src=\"https:\/\/www.lucasvalerio7.com.br\/lv7\/wp-content\/uploads\/2024\/10\/SELECAO-USP-LAAUSP-FUPE-CBDU-150x150.png\" alt=\"SELE\u00c7\u00c3O USP - LAAUSP FUPE CBDU\" title=\"SELE\u00c7\u00c3O USP - LAAUSP FUPE CBDU\" itemprop=\"image\"  \/>\n\t\t\t<h5>FUTEBOL DE CAMPO<\/h5><h3>Campeonato Paulista 2024<\/h3>\t\t\t\n\t\t\t\t<p>26\/10\/2024, no Centro Ol\u00edmpico (Ibirapuera)<\/p>\n<p>UNIP x Sele\u00e7\u00e3o da USP<\/p>\n<p>&#8220;GRUPO DA MORTE&#8221;, com UniSantanna e UNIP<br \/>(perdemos o primeiro jogo: UniSantanna 3&#215;0 Sele\u00e7\u00e3o da USP)<\/p>\n<h2>\n\t\tFOTOS\n\t\tagrupadas\n\t\t\t\t<\/h2>\t\n\t\t\t\t\t\t<a>\n\t\t\t\t\t<img decoding=\"async\" src=\"https:\/\/www.lucasvalerio7.com.br\/lv7\/wp-content\/uploads\/2024\/04\/1280x720-SV-MASK_ACERVO-PESSOAL_LATERAL-DSC00688.webp\" alt=\"LUCAS VALERIO - BICHUSP 2024 - DSC00688\" \/>\n\t\t\t\t\t\t\t\t\t\t\t\t\t\t\t\t\t\t\t\t\t\t\t\t\t\t\t\tBICHUSP 2024\n\t\t\t\t\t\t\t\t\t\t\t\t\t\t\t\t\t\t\t\t\t\t\t\t\t\t\t\t11 FOTOS\n\t\t\t<\/a>\n\t\t\t\t\t\t\t\t\t\t<a href=\"https:\/\/www.lucasvalerio7.com.br\/lv7\/wp-content\/uploads\/2024\/04\/1280x720-SV-MASK_ACERVO-PESSOAL_LATERAL-DSC00688.webp\" data-fancybox=\"pp-album-\" data-caption=\"BICHUSP 2024 - LUCAS VALERIO \">\n\t\t\t\t\t\t\t<img decoding=\"async\" src=\"https:\/\/www.lucasvalerio7.com.br\/lv7\/wp-content\/uploads\/2024\/04\/1280x720-SV-MASK_ACERVO-PESSOAL_LATERAL-DSC00688.webp\" alt=\"LUCAS VALERIO - BICHUSP 2024 - DSC00688\" \/>\n\t\t\t\t\t\t<\/a>\n\t\t\t\t\t\t\t\t\t\t\t<a href=\"https:\/\/www.lucasvalerio7.com.br\/lv7\/wp-content\/uploads\/2024\/04\/1280x720-SV-MASK_ACERVO-PESSOAL_LATERAL-DSC00605.webp\" data-fancybox=\"pp-album-\" data-caption=\"BICHUSP 2024 - Concentrando\">\n\t\t\t\t\t\t\t<img decoding=\"async\" src=\"https:\/\/www.lucasvalerio7.com.br\/lv7\/wp-content\/uploads\/2024\/04\/1280x720-SV-MASK_ACERVO-PESSOAL_LATERAL-DSC00605.webp\" alt=\"LUCAS VALERIO - BICHUSP 2024 - DSC00605\" \/>\n\t\t\t\t\t\t<\/a>\n\t\t\t\t\t\t\t\t\t\t\t<a href=\"https:\/\/www.lucasvalerio7.com.br\/lv7\/wp-content\/uploads\/2024\/04\/1280x720-SV-MASK_ACERVO-PESSOAL_LATERAL-DSC00671.webp\" data-fancybox=\"pp-album-\" data-caption=\"BICHUSP 2024 - Os Estrategistas\">\n\t\t\t\t\t\t\t<img decoding=\"async\" src=\"https:\/\/www.lucasvalerio7.com.br\/lv7\/wp-content\/uploads\/2024\/04\/1280x720-SV-MASK_ACERVO-PESSOAL_LATERAL-DSC00671.webp\" alt=\"LUCAS VALERIO - BICHUSP 2024 - DSC00671\" \/>\n\t\t\t\t\t\t<\/a>\n\t\t\t\t\t\t\t\t\t\t\t<a href=\"https:\/\/www.lucasvalerio7.com.br\/lv7\/wp-content\/uploads\/2024\/04\/1280x720-SV-MASK_ACERVO-PESSOAL_LATERAL-DSC00616.webp\" data-fancybox=\"pp-album-\" data-caption=\"BICHUSP 2024 - Fatiando...\">\n\t\t\t\t\t\t\t<img decoding=\"async\" src=\"https:\/\/www.lucasvalerio7.com.br\/lv7\/wp-content\/uploads\/2024\/04\/1280x720-SV-MASK_ACERVO-PESSOAL_LATERAL-DSC00616.webp\" alt=\"LUCAS VALERIO - BICHUSP 2024 - DSC00616\" \/>\n\t\t\t\t\t\t<\/a>\n\t\t\t\t\t\t\t\t\t\t\t<a href=\"https:\/\/www.lucasvalerio7.com.br\/lv7\/wp-content\/uploads\/2024\/04\/1280x720-SV-MASK_ACERVO-PESSOAL_LATERAL-DSC00700.webp\" data-fancybox=\"pp-album-\" data-caption=\"BICHUSP 2024 - Segue o jogo\">\n\t\t\t\t\t\t\t<img decoding=\"async\" src=\"https:\/\/www.lucasvalerio7.com.br\/lv7\/wp-content\/uploads\/2024\/04\/1280x720-SV-MASK_ACERVO-PESSOAL_LATERAL-DSC00700.webp\" alt=\"LUCAS VALERIO - BICHUSP 2024 - DSC00700\" \/>\n\t\t\t\t\t\t<\/a>\n\t\t\t\t\t\t\t\t\t\t\t<a href=\"https:\/\/www.lucasvalerio7.com.br\/lv7\/wp-content\/uploads\/2024\/04\/1280x720-SV-MASK_ACERVO-PESSOAL_LATERAL-DSC00662.webp\" data-fancybox=\"pp-album-\" data-caption=\"BICHUSP 2024 - Intervalo\">\n\t\t\t\t\t\t\t<img decoding=\"async\" src=\"https:\/\/www.lucasvalerio7.com.br\/lv7\/wp-content\/uploads\/2024\/04\/1280x720-SV-MASK_ACERVO-PESSOAL_LATERAL-DSC00662.webp\" alt=\"LUCAS VALERIO - BICHUSP 2024 - DSC00662\" \/>\n\t\t\t\t\t\t<\/a>\n\t\t\t\t\t\t\t\t\t\t\t<a href=\"https:\/\/www.lucasvalerio7.com.br\/lv7\/wp-content\/uploads\/2024\/04\/1280x720-SV-MASK_ACERVO-PESSOAL_LATERAL-DSC00674.webp\" data-fancybox=\"pp-album-\" data-caption=\"BICHUSP 2024 - Descansando para voltar e fazer mais 2...\">\n\t\t\t\t\t\t\t<img decoding=\"async\" src=\"https:\/\/www.lucasvalerio7.com.br\/lv7\/wp-content\/uploads\/2024\/04\/1280x720-SV-MASK_ACERVO-PESSOAL_LATERAL-DSC00674.webp\" alt=\"LUCAS VALERIO - BICHUSP 2024 - DSC00674\" \/>\n\t\t\t\t\t\t<\/a>\n\t\t\t\t\t\t\t\t\t\t\t<a href=\"https:\/\/www.lucasvalerio7.com.br\/lv7\/wp-content\/uploads\/2024\/04\/1280x720-SV-MASK_ACERVO-PESSOAL_LATERAL-DSC00695.webp\" data-fancybox=\"pp-album-\" data-caption=\"BICHUSP 2024 - Driblei o cara errado... kkkkk\">\n\t\t\t\t\t\t\t<img decoding=\"async\" src=\"https:\/\/www.lucasvalerio7.com.br\/lv7\/wp-content\/uploads\/2024\/04\/1280x720-SV-MASK_ACERVO-PESSOAL_LATERAL-DSC00695.webp\" alt=\"LUCAS VALERIO - BICHUSP 2024 - DSC00695\" \/>\n\t\t\t\t\t\t<\/a>\n\t\t\t\t\t\t\t\t\t\t\t<a href=\"https:\/\/www.lucasvalerio7.com.br\/lv7\/wp-content\/uploads\/2024\/04\/1280x720-SV-MASK_ACERVO-PESSOAL_LATERAL-DSC00694.webp\" data-fancybox=\"pp-album-\" data-caption=\"BICHUSP 2024 - Terceiro Gol\">\n\t\t\t\t\t\t\t<img decoding=\"async\" src=\"https:\/\/www.lucasvalerio7.com.br\/lv7\/wp-content\/uploads\/2024\/04\/1280x720-SV-MASK_ACERVO-PESSOAL_LATERAL-DSC00694.webp\" alt=\"LUCAS VALERIO - BICHUSP 2024 - DSC00694\" \/>\n\t\t\t\t\t\t<\/a>\n\t\t\t\t\t\t\t\t\t\t\t<a href=\"https:\/\/www.lucasvalerio7.com.br\/lv7\/wp-content\/uploads\/2024\/04\/1280x720-SV-MASK_ACERVO-PESSOAL_LATERAL-DSC00744.webp\" data-fancybox=\"pp-album-\" data-caption=\"BICHUSP 2024 - Os bixos\">\n\t\t\t\t\t\t\t<img decoding=\"async\" src=\"https:\/\/www.lucasvalerio7.com.br\/lv7\/wp-content\/uploads\/2024\/04\/1280x720-SV-MASK_ACERVO-PESSOAL_LATERAL-DSC00744.webp\" alt=\"LUCAS VALERIO - BICHUSP 2024 - DSC00744\" \/>\n\t\t\t\t\t\t<\/a>\n\t\t\t\t\t\t\t\t\t\t\t<a href=\"https:\/\/www.lucasvalerio7.com.br\/lv7\/wp-content\/uploads\/2024\/04\/1280x720-SV-MASK_ACERVO-PESSOAL_LATERAL-DSC00747.webp\" data-fancybox=\"pp-album-\" data-caption=\"BICHUSP 2024 - O time e a torcida\">\n\t\t\t\t\t\t\t<img decoding=\"async\" src=\"https:\/\/www.lucasvalerio7.com.br\/lv7\/wp-content\/uploads\/2024\/04\/1280x720-SV-MASK_ACERVO-PESSOAL_LATERAL-DSC00747.webp\" alt=\"LUCAS VALERIO - BICHUSP 2024 - DSC00747\" \/>\n\t\t\t\t\t\t<\/a>\n\n","protected":false},"excerpt":{"rendered":"<p>Sele\u00e7\u00e3o da USP 2024 &#8211; Futebol de CampoLAAUSP \/ FUPE \/ CBDU Categoria Adulto RUMO AO JUBS Al\u00e9m do NDU, pela Atl\u00e9tica EACHUSP, temos outros grandes desafios pela frente no Futebol de Campo. Buscaremos a dif\u00edcil vaga para representar o nosso estado no JUBS, os Jogos Universit\u00e1rios Brasileiros, organizados desde 1935! O JUBS, que hoje [&hellip;]<\/p>\n","protected":false},"author":7,"featured_media":0,"parent":1400,"menu_order":0,"comment_status":"closed","ping_status":"closed","template":"","meta":{"site-sidebar-layout":"no-sidebar","site-content-layout":"page-builder","ast-site-content-layout":"full-width-container","site-content-style":"unboxed","site-sidebar-style":"unboxed","ast-global-header-display":"","ast-banner-title-visibility":"","ast-main-header-display":"","ast-hfb-above-header-display":"","ast-hfb-below-header-display":"","ast-hfb-mobile-header-display":"","site-post-title":"disabled","ast-breadcrumbs-content":"disabled","ast-featured-img":"disabled","footer-sml-layout":"","ast-disable-related-posts":"","theme-transparent-header-meta":"enabled","adv-header-id-meta":"","stick-header-meta":"","header-above-stick-meta":"","header-main-stick-meta":"","header-below-stick-meta":"","astra-migrate-meta-layouts":"set","ast-page-background-enabled":"default","ast-page-background-meta":{"desktop":{"background-color":"","background-image":"","background-repeat":"repeat","background-position":"center center","background-size":"auto","background-attachment":"scroll","background-type":"","background-media":"","overlay-type":"","overlay-color":"","overlay-opacity":"","overlay-gradient":""},"tablet":{"background-color":"","background-image":"","background-repeat":"repeat","background-position":"center center","background-size":"auto","background-attachment":"scroll","background-type":"","background-media":"","overlay-type":"","overlay-color":"","overlay-opacity":"","overlay-gradient":""},"mobile":{"background-color":"","background-image":"","background-repeat":"repeat","background-position":"center center","background-size":"auto","background-attachment":"scroll","background-type":"","background-media":"","overlay-type":"","overlay-color":"","overlay-opacity":"","overlay-gradient":""}},"ast-content-background-meta":{"desktop":{"background-color":"var(--ast-global-color-5)","background-image":"","background-repeat":"repeat","background-position":"center center","background-size":"auto","background-attachment":"scroll","background-type":"","background-media":"","overlay-type":"","overlay-color":"","overlay-opacity":"","overlay-gradient":""},"tablet":{"background-color":"var(--ast-global-color-5)","background-image":"","background-repeat":"repeat","background-position":"center center","background-size":"auto","background-attachment":"scroll","background-type":"","background-media":"","overlay-type":"","overlay-color":"","overlay-opacity":"","overlay-gradient":""},"mobile":{"background-color":"var(--ast-global-color-5)","background-image":"","background-repeat":"repeat","background-position":"center center","background-size":"auto","background-attachment":"scroll","background-type":"","background-media":"","overlay-type":"","overlay-color":"","overlay-opacity":"","overlay-gradient":""}},"footnotes":""},"class_list":["post-2129","page","type-page","status-publish","hentry"],"_links":{"self":[{"href":"https:\/\/www.lucasvalerio7.com.br\/lv7\/wp-json\/wp\/v2\/pages\/2129","targetHints":{"allow":["GET"]}}],"collection":[{"href":"https:\/\/www.lucasvalerio7.com.br\/lv7\/wp-json\/wp\/v2\/pages"}],"about":[{"href":"https:\/\/www.lucasvalerio7.com.br\/lv7\/wp-json\/wp\/v2\/types\/page"}],"author":[{"embeddable":true,"href":"https:\/\/www.lucasvalerio7.com.br\/lv7\/wp-json\/wp\/v2\/users\/7"}],"replies":[{"embeddable":true,"href":"https:\/\/www.lucasvalerio7.com.br\/lv7\/wp-json\/wp\/v2\/comments?post=2129"}],"version-history":[{"count":5,"href":"https:\/\/www.lucasvalerio7.com.br\/lv7\/wp-json\/wp\/v2\/pages\/2129\/revisions"}],"predecessor-version":[{"id":2149,"href":"https:\/\/www.lucasvalerio7.com.br\/lv7\/wp-json\/wp\/v2\/pages\/2129\/revisions\/2149"}],"up":[{"embeddable":true,"href":"https:\/\/www.lucasvalerio7.com.br\/lv7\/wp-json\/wp\/v2\/pages\/1400"}],"wp:attachment":[{"href":"https:\/\/www.lucasvalerio7.com.br\/lv7\/wp-json\/wp\/v2\/media?parent=2129"}],"curies":[{"name":"wp","href":"https:\/\/api.w.org\/{rel}","templated":true}]}}