{"id":57,"date":"2023-07-12T23:35:46","date_gmt":"2023-07-13T02:35:46","guid":{"rendered":"https:\/\/www.lucasvalerio7.com.br\/lv7\/?page_id=57"},"modified":"2024-11-20T21:50:14","modified_gmt":"2024-11-21T00:50:14","slug":"home","status":"publish","type":"page","link":"https:\/\/www.lucasvalerio7.com.br\/lv7\/","title":{"rendered":"Home"},"content":{"rendered":"\n\n\t\t\t\t<img loading=\"lazy\" decoding=\"async\" src=\"https:\/\/www.lucasvalerio7.com.br\/lv7\/wp-content\/uploads\/2024\/02\/2023_IMG_0004-FPFS-CONTRA-O-SAO-PAULO-FC-576x1024.webp\" alt=\"GIN\u00c1SIO CONTRA O S\u00c3O PAULO FC\" itemprop=\"image\" height=\"1024\" width=\"576\" title=\"GIN\u00c1SIO CONTRA O S\u00c3O PAULO FC\" onerror=\"this.style.display='none'\"  \/>\n\t<h1>\n\t\t\t\t<a href=\"#\" title=\"LUCAS VALERIO\" target=\"_self\">\n\t\t\t\tLUCAS VALERIO\n\t\t\t\t<\/a>\n\t\t\t<\/h1>\n<h2>\n\t\tJogador de futebol\/futsal, ambidestro, sem hist\u00f3rico de les\u00f5es, nascido em 2006.\n\t\t\t\t<\/h2>\t\n\tBastante experiente e vers\u00e1til taticamente, adaptado a v\u00e1rios esquemas de jogo, tanto ofensiva quanto defensivamente.<br \/>\nEstudante da Universidade de S\u00e3o Paulo, residente na regi\u00e3o metropolitana de S\u00e3o Paulo-SP.\n<p>De 2012 a 2015 predominaram os trabalhos em Society\/Fut7.<\/p>\nNo futsal desde 2015 (at\u00e9 hoje), tive passagens por v\u00e1rios clubes, em diversos torneios, com destaque para o SindiClube, a Federa\u00e7\u00e3o Paulista de Futebol de Sal\u00e3o, a Liga Paulista de Futsal, os Jogos Abertos da Juventude.<br \/>\nNo Futebol de Campo, paralelamente ao Futsal, tamb\u00e9m disputei o Campeonato Paulista da Associa\u00e7\u00e3o Paulista de Futebol, o Campeonato Paulista Interclubes (organizado pelo Esporte Clube Pinheiros) e, mais recentemente, sigo disputando o NDU (Novo Desporto Universit\u00e1rio) pela Atl\u00e9tica EACHUSP e a FUPE (Federa\u00e7\u00e3o Universit\u00e1ria Paulista de Esportes) pela Sele\u00e7\u00e3o da USP.\n\t\t\t<a href=\"https:\/\/www.lucasvalerio7.com.br\/lv7\/sobre\/\" title=\"Click Here\" target=\"_self\"   role=\"button\" aria-label=\"SOBRE MIM\">\n\t\t\t\t\t\t\tSOBRE MIM\n\t\t<\/a>\n\t\t\t\t<img decoding=\"async\" src=\"https:\/\/www.lucasvalerio7.com.br\/lv7\/wp-content\/uploads\/2023\/07\/LOGOTIPO_LUCAS_COLORIDO_DENTRO-300x300.png\" alt=\"LOGOTIPO LUCAS VALERIO 7\" title=\"LOGOTIPO LUCAS VALERIO 7\" itemprop=\"image\"\/>\n\t\t<h3>TEMPORADA 2024<\/h3>\n\t\t\t\t<p><strong>SUB-18<\/strong> na Federa\u00e7\u00e3o Paulista de Futsal, pelo Colorado Caieiras<br \/><strong>SUB-18<\/strong> nos Jogos Abertos da Juventude, pela cidade de Caieiras.<br \/><strong>ADULTO<\/strong> no NDU &#8211; Novo Desporto Universit\u00e1rio, pela Atl\u00e9tica EACH-USP.<br \/><strong>ADULTO<\/strong> no BICHUSP e Copa USP, pela Atl\u00e9tica EACH-USP.<br \/><strong>ADULTO<\/strong> no Campeonato Paulista Universit\u00e1rio da FUPE, pela Sele\u00e7\u00e3o da USP.<\/p>\n\t\t\t<h3>TEMPORADA 2023<\/h3>\n\t\t\t\t<p><strong>SUB-17<\/strong> na Liga Paulista de Futsal, pelo time de Franco da Rocha<br \/><strong>SUB-18<\/strong> na Federa\u00e7\u00e3o Paulista de Futsal, pelo Colorado Caieiras<br \/><strong>SUB-19<\/strong> nos Jogos Abertos da Juventude, pelo time de Franco da Rocha<\/p>\n<h4>\n\t\t&#8220;Todo campe\u00e3o foi um dia um competidor que se recusou a desistir.&#8221;\n\t<\/h4>\n<h3>\n\t\tRocky Balboa\n\t<\/h3>\n\t<h4>Pr\u00f3ximo Jogo<\/h4>\n\t<h3>A.A. BOTUCATUENSE x COLORADO CAIEIRAS FC<\/h3>\n<h3>FINAL<br \/>\nFPFS \/ Campeonato Estadual A2 &#8211; 2024<br \/>\n<\/h3>\n\t\t\t<a href=\"https:\/\/www.youtube.com\/watch?v=u7QBkoAo4-o&#038;t=22s\" target=\"_blank\" rel=\"noopener\">\n\t\t\t\t\t\tTransmiss\u00e3o AO VIVO no YouTube\n\t\t\t\t\t<\/a>\n\t<h1>Agenda<\/h1>\n<p>Programa\u00e7\u00e3o sujeita a altera\u00e7\u00f5es\/ajustes das Federa\u00e7\u00f5es\/Ligas<\/p>\n\t\t\t\t<img decoding=\"async\" src=\"https:\/\/www.lucasvalerio7.com.br\/lv7\/wp-content\/uploads\/2024\/10\/FUPE_jogos-universitarios-150x150.png\" alt=\"FUPE - jogos universit\u00e1rios\" title=\"FUPE - jogos universit\u00e1rios\" itemprop=\"image\"\/>\n\t\t<h3>Campeonato Paulista<br \/>Universit\u00e1rio<\/h3><h5>26\/10\/2024<\/h5>\n\t\t\t\t<p><strong>SELE\u00c7\u00c3O DA USP<br \/>2 X 3<br \/>NUTRI\u00c7\u00c3O UNICID<\/strong><\/p>\n\t\t\t<a href=\"https:\/\/eventos.admfutsal.com.br\/evento\/830\/jogos\" title=\"Click Here\" target=\"_blank\" rel=\"noopener\"  role=\"button\" aria-label=\"VEJA A TABELA COMPLETA\">\n\t\t\t\t\t\t\tVEJA A TABELA COMPLETA\n\t\t<\/a>\n\t\t\t\t<img decoding=\"async\" src=\"https:\/\/www.lucasvalerio7.com.br\/lv7\/wp-content\/uploads\/2024\/04\/NDU-2024-150x150.webp\" alt=\"NDU 2024\" title=\"NDU 2024\" itemprop=\"image\"\/>\n\t\t<h3>Novo Desporto Universit\u00e1rio<\/h3><h5>(Quartas de final &#8211; 03\/11)<\/h5>\n\t\t\t\t<p><strong>EACH-USP<br \/>1 X 1<br \/><\/strong><strong>IBMEC<\/strong><\/p>\n\t\t\t<a href=\"https:\/\/eventos.admfutsal.com.br\/evento\/830\/jogos\" title=\"Click Here\" target=\"_blank\" rel=\"noopener\"  role=\"button\" aria-label=\"VEJA A TABELA COMPLETA\">\n\t\t\t\t\t\t\tVEJA A TABELA COMPLETA\n\t\t<\/a>\n\t\t\t\t<img decoding=\"async\" src=\"https:\/\/www.lucasvalerio7.com.br\/lv7\/wp-content\/uploads\/2023\/07\/maxresdefault-150x150.jpg\" alt=\"Federa\u00e7\u00e3o Paulista de Futebol de Sal\u00e3o\" title=\"Federa\u00e7\u00e3o Paulista de Futebol de Sal\u00e3o\" itemprop=\"image\"\/>\n\t\t<h3>Campeonato<br \/>Estadual &#8211; A2<\/h3><h5>(Final S\u00e9rie Ouro)<\/h5>\n\t\t\t\t<p><strong>A.A. BOTUCATUENSE<br \/>X<br \/>COLORADO CAIEIRAS FC<br \/><\/strong><\/p>\n\t\t\t<a href=\"https:\/\/eventos.admfutsal.com.br\/evento\/830\/jogos\" title=\"Click Here\" target=\"_blank\" rel=\"noopener\"  role=\"button\" aria-label=\"VEJA A TABELA COMPLETA\">\n\t\t\t\t\t\t\tVEJA A TABELA COMPLETA\n\t\t<\/a>\n\t\t\t\t<img decoding=\"async\" src=\"https:\/\/www.lucasvalerio7.com.br\/lv7\/wp-content\/uploads\/2023\/07\/LOGO-CAIEIRAS.png\" alt=\"LOGO CAIEIRAS\" title=\"LOGO CAIEIRAS\" itemprop=\"image\"\/>\n\t\t<h3>COLORADO CAIEIRAS<\/h3>\t\t\t\n\t\t\t\t<p>Colorado Caieiras Futebol Clube LTDA, mais conhecido como Colorado Caieiras, ou simplesmente Colorado \u00e9 um clube brasileiro de futebol da cidade de Caieiras, na Grande S\u00e3o Paulo. Suas cores oficiais s\u00e3o vermelho e branco. O seu escudo ainda conta com as cores da Bandeira do Brasil, azul, verde e amarelo.<\/p>\n<p>O Colorado Caieiras teve a sua funda\u00e7\u00e3o em 2019 e em fevereiro de 2021 se filiou a Federa\u00e7\u00e3o Paulista de Futebol, se tornando um clube profissional. No futsal, disputa as categorias menores na s\u00e9rie A2 da Federa\u00e7\u00e3o Paulista de Futsal.<\/p>\n\t\t\t<a href=\"https:\/\/www.lucasvalerio7.com.br\/lv7\/clubes\/colorado-caieiras\/\" title=\"Click Here\" target=\"_self\"   role=\"button\" aria-label=\"P\u00e1gina do Colorado\">\n\t\t\t\t\t\t\tP\u00e1gina do Colorado\n\t\t<\/a>\n\t\t\t\t<img decoding=\"async\" src=\"https:\/\/www.lucasvalerio7.com.br\/lv7\/wp-content\/uploads\/2024\/10\/SELECAO-USP-LAAUSP-FUPE-CBDU-300x300.png\" alt=\"SELE\u00c7\u00c3O USP - LAAUSP FUPE CBDU\" title=\"SELE\u00c7\u00c3O USP - LAAUSP FUPE CBDU\" itemprop=\"image\"\/>\n\t\t<h3>SELE\u00c7\u00c3O DA USP<\/h3>\t\t\t\n\t\t\t\t<p>A maioria das unidades da Universidade possui uma atl\u00e9tica que promove jogos, campeonatos e eventos para integrar os estudantes. Quem congrega essas entidades \u00e9 a Liga Atl\u00e9tica Acad\u00eamica da USP (LAAUSP) formada por Associa\u00e7\u00f5es Atl\u00e9ticas Acad\u00eamicas (AAA) da USP.<\/p>\n<p>A LAAUSP (Liga Atl\u00e9tica Acad\u00eamica da Universidade de S\u00e3o Paulo) \u00e9 a inst\u00e2ncia estudantil soberana a tratar do esporte universit\u00e1rio na USP. Atuando desde 1970 sob as diretrizes da Federa\u00e7\u00e3o Universit\u00e1ria Paulista de Esportes (FUPE), promove campeonatos semestrais entre as 27 atl\u00e9ticas filiadas e sobretudo financia sele\u00e7\u00f5es dos atletas mais talentosos da Universidade em torneios por todo o Brasil.<\/p>\n\t\t\t<a href=\"https:\/\/www.lucasvalerio7.com.br\/lv7\/clubes\/selecao-da-usp\/\" title=\"Click Here\" target=\"_self\"   role=\"button\" aria-label=\"P\u00e1gina da Sele\u00e7\u00e3o da USP\">\n\t\t\t\t\t\t\tP\u00e1gina da Sele\u00e7\u00e3o da USP\n\t\t<\/a>\n\t\t\t\t<img decoding=\"async\" src=\"https:\/\/www.lucasvalerio7.com.br\/lv7\/wp-content\/uploads\/2024\/04\/AAAEACH-USP-300x300.webp\" alt=\"ATL\u00c9TICA EACH USP\" title=\"ATL\u00c9TICA EACH USP\" itemprop=\"image\"\/>\n\t\t<h3>ATL\u00c9TICA EACH-USP<\/h3>\t\t\t\n\t\t\t\t<p>A Associa\u00e7\u00e3o Acad\u00eamica Atl\u00e9tica da Escola de Artes, Ci\u00eancias e Humanidades (AAAEACH) \u00e9 a entidade que coordena as atividades esportivas da USP LESTE, formando equipes e organizando os treinamentos destas nas mais diversas modalidades visando a participa\u00e7\u00e3o em campeonatos.<\/p>\n<p>Com as cores vermelho, preto e amarelo, e o Touro Bandido como mascote, a AAAEACH \u00e9 uma das atl\u00e9ticas mais jovens da USP, mas tamb\u00e9m uma das atl\u00e9ticas de maior potencial, possuindo uma organiza\u00e7\u00e3o e estrutura esportiva de destaque no cen\u00e1rio universit\u00e1rio.<\/p>\n<p>Tem como objetivo integrar os alunos EACHianos, atletas e n\u00e3o-atletas, no meio universit\u00e1rio, seja atrav\u00e9s do esporte ou de outros eventos.<\/p>\n\t\t\t<a href=\"https:\/\/www.lucasvalerio7.com.br\/lv7\/clubes\/each-usp\/\" title=\"Click Here\" target=\"_self\"   role=\"button\" aria-label=\"P\u00e1gina da Atl\u00e9tica\">\n\t\t\t\t\t\t\tP\u00e1gina da Atl\u00e9tica\n\t\t<\/a>\n<h5>\n\t\tN\u00daMEROS DE 2024\n\t<\/h5>\n<h2>\n\t\t(somente na FPFS)\n\t<\/h2>\n\t\t2\n<h5>\n\t\tTORNEIOS DISPUTADOS\n\t<\/h5>\n\t\t26\n<h5>\n\t\tJOGOS OFICIAIS\n\t<\/h5>\n\t\t26\n<h5>\n\t\tGOLS\n\t<\/h5>\n\t\t19\n<h5>\n\t\tASSIST\u00caNCIAS\n\t<\/h5>\n\n","protected":false},"excerpt":{"rendered":"<p>LUCAS VALERIO Jogador de futebol\/futsal, ambidestro, sem hist\u00f3rico de les\u00f5es, nascido em 2006. Bastante experiente e vers\u00e1til taticamente, adaptado a v\u00e1rios esquemas de jogo, tanto ofensiva quanto defensivamente. Estudante da Universidade de S\u00e3o Paulo, residente na regi\u00e3o metropolitana de S\u00e3o Paulo-SP. De 2012 a 2015 predominaram os trabalhos em Society\/Fut7. No futsal desde 2015 (at\u00e9 [&hellip;]<\/p>\n","protected":false},"author":7,"featured_media":0,"parent":0,"menu_order":0,"comment_status":"closed","ping_status":"closed","template":"","meta":{"site-sidebar-layout":"default","site-content-layout":"","ast-site-content-layout":"default","site-content-style":"default","site-sidebar-style":"default","ast-global-header-display":"","ast-banner-title-visibility":"","ast-main-header-display":"","ast-hfb-above-header-display":"","ast-hfb-below-header-display":"","ast-hfb-mobile-header-display":"","site-post-title":"disabled","ast-breadcrumbs-content":"","ast-featured-img":"","footer-sml-layout":"","ast-disable-related-posts":"","theme-transparent-header-meta":"default","adv-header-id-meta":"","stick-header-meta":"","header-above-stick-meta":"","header-main-stick-meta":"","header-below-stick-meta":"","astra-migrate-meta-layouts":"set","ast-page-background-enabled":"default","ast-page-background-meta":{"desktop":{"background-color":"","background-image":"","background-repeat":"repeat","background-position":"center center","background-size":"auto","background-attachment":"scroll","background-type":"","background-media":"","overlay-type":"","overlay-color":"","overlay-opacity":"","overlay-gradient":""},"tablet":{"background-color":"","background-image":"","background-repeat":"repeat","background-position":"center center","background-size":"auto","background-attachment":"scroll","background-type":"","background-media":"","overlay-type":"","overlay-color":"","overlay-opacity":"","overlay-gradient":""},"mobile":{"background-color":"","background-image":"","background-repeat":"repeat","background-position":"center center","background-size":"auto","background-attachment":"scroll","background-type":"","background-media":"","overlay-type":"","overlay-color":"","overlay-opacity":"","overlay-gradient":""}},"ast-content-background-meta":{"desktop":{"background-color":"var(--ast-global-color-5)","background-image":"","background-repeat":"repeat","background-position":"center center","background-size":"auto","background-attachment":"scroll","background-type":"","background-media":"","overlay-type":"","overlay-color":"","overlay-opacity":"","overlay-gradient":""},"tablet":{"background-color":"var(--ast-global-color-5)","background-image":"","background-repeat":"repeat","background-position":"center center","background-size":"auto","background-attachment":"scroll","background-type":"","background-media":"","overlay-type":"","overlay-color":"","overlay-opacity":"","overlay-gradient":""},"mobile":{"background-color":"var(--ast-global-color-5)","background-image":"","background-repeat":"repeat","background-position":"center center","background-size":"auto","background-attachment":"scroll","background-type":"","background-media":"","overlay-type":"","overlay-color":"","overlay-opacity":"","overlay-gradient":""}},"footnotes":""},"class_list":["post-57","page","type-page","status-publish","hentry"],"_links":{"self":[{"href":"https:\/\/www.lucasvalerio7.com.br\/lv7\/wp-json\/wp\/v2\/pages\/57","targetHints":{"allow":["GET"]}}],"collection":[{"href":"https:\/\/www.lucasvalerio7.com.br\/lv7\/wp-json\/wp\/v2\/pages"}],"about":[{"href":"https:\/\/www.lucasvalerio7.com.br\/lv7\/wp-json\/wp\/v2\/types\/page"}],"author":[{"embeddable":true,"href":"https:\/\/www.lucasvalerio7.com.br\/lv7\/wp-json\/wp\/v2\/users\/7"}],"replies":[{"embeddable":true,"href":"https:\/\/www.lucasvalerio7.com.br\/lv7\/wp-json\/wp\/v2\/comments?post=57"}],"version-history":[{"count":138,"href":"https:\/\/www.lucasvalerio7.com.br\/lv7\/wp-json\/wp\/v2\/pages\/57\/revisions"}],"predecessor-version":[{"id":2188,"href":"https:\/\/www.lucasvalerio7.com.br\/lv7\/wp-json\/wp\/v2\/pages\/57\/revisions\/2188"}],"wp:attachment":[{"href":"https:\/\/www.lucasvalerio7.com.br\/lv7\/wp-json\/wp\/v2\/media?parent=57"}],"curies":[{"name":"wp","href":"https:\/\/api.w.org\/{rel}","templated":true}]}}