{"id":75,"date":"2023-07-13T00:42:17","date_gmt":"2023-07-13T03:42:17","guid":{"rendered":"https:\/\/www.lucasvalerio7.com.br\/lv7\/?page_id=75"},"modified":"2024-11-02T14:26:18","modified_gmt":"2024-11-02T17:26:18","slug":"sobre","status":"publish","type":"page","link":"https:\/\/www.lucasvalerio7.com.br\/lv7\/sobre\/","title":{"rendered":"Sobre mim"},"content":{"rendered":"\n<h1>\n\t\tLUCAS VALERIO\n\t<\/h1>\n<h2>\n\t\tFUTSAL \/ SOCIETY \/ CAMPO\n\t<\/h2>\n\t\t\t\t<img loading=\"lazy\" decoding=\"async\" src=\"https:\/\/www.lucasvalerio7.com.br\/lv7\/wp-content\/uploads\/2024\/02\/2023_IMG_0106-CONTRA-O-SAO-PAULO-FC-576x1024.webp\" alt=\"2023_IMG_0106 -CONTRA O S\u00c3O PAULO FC\" itemprop=\"image\" height=\"1024\" width=\"576\" title=\"2023_IMG_0106 -CONTRA O S\u00c3O PAULO FC\" onerror=\"this.style.display='none'\"  \/>\n\t<h2>\n\t\t\t\t<a href=\"#\" title=\"Sobre\" target=\"_self\" rel=\"noopener\">\n\t\t\t\tSobre\n\t\t\t\t<\/a>\n\t\t\t<\/h2>\n<h1>\n\t\tLUCAS VALERIO\n\t\tBrazilian ambidextrous football\/futsal player, with no history of injuries, born in 2006.\n\t\t\t\t<\/h1>\t\n\tVery experienced and tactically versatile, adapted to various game plans, both offensively and defensively.<br \/>\nStudent at the University of S\u00e3o Paulo (Physical Education &#8211; second semester), resident in the metropolitan region of S\u00e3o Paulo-SP.\n<p>From 2012 to 2015, work in Society\/Fut7 predominated.<\/p>\n<p>In futsal since 2015 (until today), I have spent time at several clubs, in several tournaments, with emphasis on SindiClube, the S\u00e3o Paulo Indoor Football Federation, the Paulista Futsal League, the Open Youth Games.<\/p>\n<p>In Field Football, in parallel with Futsal, I also competed in the <em>Campeonato Paulista<\/em> of the S\u00e3o Paulo Football Association, the <em>Campeonato Paulista Interclubes<\/em> (organized by <em>Esporte Clube Pinheiros<\/em>) and, more recently, I continue competing in the NDU (New University Sports) for <em>Atl\u00e9tica EACHUSP<\/em> and the FUPE (University Sports Federation of S\u00e3o Paulo\/Brazil) called to represent the USP Selection.<\/p>\n<h3>\n\t\tT\u00e9cnica e T\u00e1tica\n\t<\/h3>\n\t<p>Mais de uma d\u00e9cada de dedica\u00e7\u00e3o ao futebol. Pode parecer pouco para alguns&#8230; Mas, para mim, representa <strong>mais de<\/strong> <strong>2\/3 da minha vida<\/strong>.<\/p>\n\t<p>Ser ambidestro \u00e9, sem d\u00favida, um diferencial que abre muitas possibilidades no futebol. E \u00e9 com muito treino que esta habilidade vem sendo ainda mais aprimorada jogo a jogo, ano a ano.<\/p>\n<h3>\n\t\tExperi\u00eancia acumulada\n\t<\/h3>\n\tNestes v\u00e1rios anos, tive a oportunidade de trabalhar com grandes treinadores.<br \/>\nMuitos profissionais n\u00e3o chegam mais longe na sua atividade por falta de oportunidade, n\u00e3o por falta de compet\u00eancia.<br \/>\nE eu reconhe\u00e7o grandes qualidades nos treinadores que me ajudaram nesta jornada.<br \/>\nConhecimentos que levarei comigo para sempre!\n<h3>\n\t\tClubes por onde passei\n\t<\/h3>\n\t<p>Conhe\u00e7a a minha trajet\u00f3ria at\u00e9 aqui.<\/p>\n\t\t\t<a href=\"https:\/\/www.lucasvalerio7.com.br\/lv7\/clubes\/\" title=\"Click Here\" target=\"_self\" role=\"button\" aria-label=\"Ver Clubes\" rel=\"noopener\">\n\t\t\t\t\t\t\tVer Clubes\n\t\t<\/a>\n<h3>\n\t\tAlgumas falas dos meus treinadores:\n\t<\/h3>\n\t\t\t<p><em><strong>&#8220;O Rei das tabelas! Raramente se v\u00ea uma tabela no time que o Lucas n\u00e3o esteja participando. Qualidade gigante no passe, muito voluntarioso em quadra, defende com a mesma intensidade que ataca.&#8221;<\/strong><\/em><\/p>&#8211; LEONARDO BALLESTERO, 11\/12\/2015<br \/>Treinador no Sub-09, pela AOPM.\t\t\n\t\t\t<p><em><strong>&#8220;O Lucas chegou e mudou nosso jeito de jogar, trouxe uma movimenta\u00e7\u00e3o maior, s\u00f3 fez crescer nosso time.&#8221;<\/strong><\/em><\/p>\n&#8211; D\u00da, 16\/11\/2023<br \/>Treinador no Sub-18, pelo Colorado Caieiras.\n\n","protected":false},"excerpt":{"rendered":"<p>LUCAS VALERIO FUTSAL \/ SOCIETY \/ CAMPO Sobre LUCAS VALERIO Brazilian ambidextrous football\/futsal player, with no history of injuries, born in 2006. Very experienced and tactically versatile, adapted to various game plans, both offensively and defensively. Student at the University of S\u00e3o Paulo (Physical Education &#8211; second semester), resident in the metropolitan region of S\u00e3o [&hellip;]<\/p>\n","protected":false},"author":7,"featured_media":0,"parent":0,"menu_order":0,"comment_status":"closed","ping_status":"closed","template":"","meta":{"site-sidebar-layout":"default","site-content-layout":"","ast-site-content-layout":"default","site-content-style":"default","site-sidebar-style":"default","ast-global-header-display":"","ast-banner-title-visibility":"","ast-main-header-display":"","ast-hfb-above-header-display":"","ast-hfb-below-header-display":"","ast-hfb-mobile-header-display":"","site-post-title":"disabled","ast-breadcrumbs-content":"","ast-featured-img":"","footer-sml-layout":"","ast-disable-related-posts":"","theme-transparent-header-meta":"default","adv-header-id-meta":"","stick-header-meta":"","header-above-stick-meta":"","header-main-stick-meta":"","header-below-stick-meta":"","astra-migrate-meta-layouts":"set","ast-page-background-enabled":"default","ast-page-background-meta":{"desktop":{"background-color":"","background-image":"","background-repeat":"repeat","background-position":"center center","background-size":"auto","background-attachment":"scroll","background-type":"","background-media":"","overlay-type":"","overlay-color":"","overlay-opacity":"","overlay-gradient":""},"tablet":{"background-color":"","background-image":"","background-repeat":"repeat","background-position":"center center","background-size":"auto","background-attachment":"scroll","background-type":"","background-media":"","overlay-type":"","overlay-color":"","overlay-opacity":"","overlay-gradient":""},"mobile":{"background-color":"","background-image":"","background-repeat":"repeat","background-position":"center center","background-size":"auto","background-attachment":"scroll","background-type":"","background-media":"","overlay-type":"","overlay-color":"","overlay-opacity":"","overlay-gradient":""}},"ast-content-background-meta":{"desktop":{"background-color":"var(--ast-global-color-5)","background-image":"","background-repeat":"repeat","background-position":"center center","background-size":"auto","background-attachment":"scroll","background-type":"","background-media":"","overlay-type":"","overlay-color":"","overlay-opacity":"","overlay-gradient":""},"tablet":{"background-color":"var(--ast-global-color-5)","background-image":"","background-repeat":"repeat","background-position":"center center","background-size":"auto","background-attachment":"scroll","background-type":"","background-media":"","overlay-type":"","overlay-color":"","overlay-opacity":"","overlay-gradient":""},"mobile":{"background-color":"var(--ast-global-color-5)","background-image":"","background-repeat":"repeat","background-position":"center center","background-size":"auto","background-attachment":"scroll","background-type":"","background-media":"","overlay-type":"","overlay-color":"","overlay-opacity":"","overlay-gradient":""}},"footnotes":""},"class_list":["post-75","page","type-page","status-publish","hentry"],"_links":{"self":[{"href":"https:\/\/www.lucasvalerio7.com.br\/lv7\/wp-json\/wp\/v2\/pages\/75","targetHints":{"allow":["GET"]}}],"collection":[{"href":"https:\/\/www.lucasvalerio7.com.br\/lv7\/wp-json\/wp\/v2\/pages"}],"about":[{"href":"https:\/\/www.lucasvalerio7.com.br\/lv7\/wp-json\/wp\/v2\/types\/page"}],"author":[{"embeddable":true,"href":"https:\/\/www.lucasvalerio7.com.br\/lv7\/wp-json\/wp\/v2\/users\/7"}],"replies":[{"embeddable":true,"href":"https:\/\/www.lucasvalerio7.com.br\/lv7\/wp-json\/wp\/v2\/comments?post=75"}],"version-history":[{"count":58,"href":"https:\/\/www.lucasvalerio7.com.br\/lv7\/wp-json\/wp\/v2\/pages\/75\/revisions"}],"predecessor-version":[{"id":2168,"href":"https:\/\/www.lucasvalerio7.com.br\/lv7\/wp-json\/wp\/v2\/pages\/75\/revisions\/2168"}],"wp:attachment":[{"href":"https:\/\/www.lucasvalerio7.com.br\/lv7\/wp-json\/wp\/v2\/media?parent=75"}],"curies":[{"name":"wp","href":"https:\/\/api.w.org\/{rel}","templated":true}]}}